{"id":9138,"date":"2022-03-07T16:43:53","date_gmt":"2022-03-07T16:43:53","guid":{"rendered":"https:\/\/radamesgnattali.com.br\/project\/"},"modified":"2022-07-25T17:55:50","modified_gmt":"2022-07-25T17:55:50","slug":"project","status":"publish","type":"page","link":"https:\/\/radamesgnattali.com.br\/en\/project\/","title":{"rendered":"Project"},"content":{"rendered":"\t\t<div data-elementor-type=\"wp-page\" data-elementor-id=\"9138\" class=\"elementor elementor-9138\" data-elementor-post-type=\"page\">\n\t\t\t\t\t\t<section class=\"elementor-section elementor-top-section elementor-element elementor-element-6324758 elementor-section-full_width elementor-section-height-default elementor-section-height-default\" data-id=\"6324758\" data-element_type=\"section\" data-e-type=\"section\" data-settings=\"{&quot;jet_parallax_layout_list&quot;:[]}\">\n\t\t\t\t\t\t<div class=\"elementor-container elementor-column-gap-default\">\n\t\t\t\t\t<div class=\"elementor-column elementor-col-33 elementor-top-column elementor-element elementor-element-5ea776d elementor-hidden-mobile\" data-id=\"5ea776d\" data-element_type=\"column\" data-e-type=\"column\">\n\t\t\t<div class=\"elementor-widget-wrap\">\n\t\t\t\t\t\t\t<\/div>\n\t\t<\/div>\n\t\t\t\t<div class=\"elementor-column elementor-col-33 elementor-top-column elementor-element elementor-element-adcb7b2\" data-id=\"adcb7b2\" data-element_type=\"column\" data-e-type=\"column\" data-settings=\"{&quot;background_background&quot;:&quot;classic&quot;}\">\n\t\t\t<div class=\"elementor-widget-wrap elementor-element-populated\">\n\t\t\t\t\t\t<div class=\"elementor-element elementor-element-15c2bfc elementor-widget elementor-widget-heading\" data-id=\"15c2bfc\" data-element_type=\"widget\" data-e-type=\"widget\" data-widget_type=\"heading.default\">\n\t\t\t\t<div class=\"elementor-widget-container\">\n\t\t\t\t\t<h2 class=\"elementor-heading-title elementor-size-default\">Project<\/h2>\t\t\t\t<\/div>\n\t\t\t\t<\/div>\n\t\t\t\t\t<\/div>\n\t\t<\/div>\n\t\t\t\t<div class=\"elementor-column elementor-col-33 elementor-top-column elementor-element elementor-element-3a18d90\" data-id=\"3a18d90\" data-element_type=\"column\" data-e-type=\"column\">\n\t\t\t<div class=\"elementor-widget-wrap\">\n\t\t\t\t\t\t\t<\/div>\n\t\t<\/div>\n\t\t\t\t\t<\/div>\n\t\t<\/section>\n\t\t\t\t<section class=\"elementor-section elementor-top-section elementor-element elementor-element-d2d5eb4 elementor-section-boxed elementor-section-height-default elementor-section-height-default\" data-id=\"d2d5eb4\" data-element_type=\"section\" data-e-type=\"section\" data-settings=\"{&quot;jet_parallax_layout_list&quot;:[]}\">\n\t\t\t\t\t\t<div class=\"elementor-container elementor-column-gap-default\">\n\t\t\t\t\t<div class=\"elementor-column elementor-col-100 elementor-top-column elementor-element elementor-element-7ae13cf\" data-id=\"7ae13cf\" data-element_type=\"column\" data-e-type=\"column\">\n\t\t\t<div class=\"elementor-widget-wrap elementor-element-populated\">\n\t\t\t\t\t\t<div class=\"elementor-element elementor-element-96a57cb elementor-widget elementor-widget-text-editor\" data-id=\"96a57cb\" data-element_type=\"widget\" data-e-type=\"widget\" data-widget_type=\"text-editor.default\">\n\t\t\t\t<div class=\"elementor-widget-container\">\n\t\t\t\t\t\t\t\t\t<p>Radam\u00e9s Gnattali is national and worldwide recognized as one of the greatest masters of Brazilian and Latin-American music. His concert work has consistent volume, about 300 pieces, among piano and guitar solos, as well as many chamber and symphonic music.<\/p><p>As far as the popular music is concerned, he also shines with a singular position if compared to his contemporary colleagues. Not only for the volume of his production, but also for his intensive and collaborative presence and action towards the popular musicians always working out with piano players, samba composers, singers and chor\u00f5es in the daily toil at the radio stations and recording sets. Radam\u00e9s has always realized and confessed how much he has learned from them.<\/p><p><em>(\u2026) I have always worked with popular music and I really like it. In fact, I owe it to this that I do something Brazilian today (\u2026)\u201d. \u201cMy music is all Brazilian, based on folkloric and urban themes from Rio de Janeiro\u201d<\/em>.<\/p><p>This explains why Radam\u00e9s liked to write for his friends so much and his instruments were little contemplated by the composers of his time. His classical music catalog includes concertinos, concertos, sonatas and sonatinas, entertainments and suites for mandolin, accordion, cavaquinho, drums, electric guitar, 7-string guitar, tambourine. And it is from these works that musicians of the greatness of Jacob do Bandolim, Edu da Gaita, Joel Nascimento, Chiquinho do Acordeom, Garoto take the stage of the Municipal Theater of Rio de Janeiro for the first time to perform as concert performers.<\/p><p>Founder of the orchestral arrangement for Brazilian popular music, alongside Pixinguinha, Radam\u00e9s was also a pioneer in the sophisticated way of orchestrating the simple music of the urban songbook, without ever mischaracterizing it. The symphonic percussionist and drummer Luciano Perrone, famous for having systematized the samba batucada on the drums, in the 1920s, made an interesting comment about this characteristic feature of the maestro friend&#8217;s work:<\/p><p><em>\u201cRadam\u00e9s is impervious because when he makes popular music it is popular music and when he makes concert music it is concert music. One does not interfere with the other. As arranger and conductor, he makes a symphony orchestra play a samba without taking away its spirit, nothing smells like a symphony\u201d.<\/em><\/p><p>In fact, Radam\u00e9s knew, like few others, how to divide time and inspiration between the erudite and popular genres, in a balanced way, without one getting in the way of the other, establishing a natural and rare communication between aesthetics considered irreconcilable, until his arrival.<\/p><p><strong>Project<\/strong><\/p><p>The <em>Radam\u00e9s Gnattali digital catalog of popular music project<\/em>, selected by the Rumos Ita\u00fa Cultural program \u2013 2017\/18, adds to the digital catalog of classical music by the gaucho composer, organized by us and released on multimedia CD-ROM, in 2005. , sponsored by the Petrobras M\u00fasica\/2003 program.<\/p><p>In 2006, on the occasion of the centenary celebrations of his birth, we launched Radam\u00e9s Gnattali&#8217;s first website, remaining on the web until 2017 when we took it down to restructure its operating system.<\/p><p><strong>Goals<\/strong><\/p><p>Conceived and produced by Roberto Gnattali and Adriana Ballest\u00e9, the <em>Radam\u00e9s Gnattali digital catalog of popular music<\/em> fulfills the following objectives:<\/p><p>. Create the first digital catalog of popular music works by the composer Radam\u00e9s Gnattali, divided into two distinct categories: a) compositions; b) arrangements.<\/p><p>. Inventory, digitize and catalog in an image bank, all popular music scores \u2013 compositions and\/or arrangements \u2013 collected in the composer&#8217;s personal archive and other sources.<\/p><p>. Build and launch on the web the new <em>Official Radam\u00e9s Gnattali Website<\/em>, bilingual (Portuguese \u2013 English), containing the maestro&#8217;s unprecedented digital catalog of popular music.<\/p><p>. Contribute to the preservation and dissemination of the work of Radam\u00e9s Gnattali, nationally and internationally, expanding the dialogue between the administration of its collection and the user public.<\/p><p><strong>justification<\/strong><\/p><p><u>compositions<\/u><\/p><p>Radam\u00e9s composed around two hundred pieces of popular music. If, on the one hand, his concert music was recorded in sheet music, with all the rigor of musical language, cataloged in notebooks and filed in folders, the same was not true of his production of popular music. Not that he stopped writing a composition because it was a choro or samba, on the contrary, we know that Radam\u00e9s wrote everything. For him, popular or erudite, music was music. However, the master did not devote the same care to his popular repertoire as he did to his concert music. The result of this is that several of his manuscripts were lost, no one knows where, leaving those songs only recordings and\/or comments in the press. Although not included in the catalogs on this site, due to the lack of a physical document (the score), even so, we were careful to list all the titles of works by Radam\u00e9s that we were aware of, always seeking information from reliable sources.<\/p><p><u>Arrangements<\/u><\/p><p>Radam\u00e9s&#8217; arrangements, which are part of the catalogs of this project, were selected according to the following criteria:<\/p><p>1) Arrangements for your own compositions.<br>2) Special arrangements (*) for music by other authors, written for chamber ensembles directed by the maestro, such as the <em>Radam\u00e9s Duo and Aida Gnattali<\/em>, the <em>Radam\u00e9s Sexteto<\/em>, the <em>Camerata Carioca<\/em>, the <em>Orquestra Brasileira<\/em> de Radam\u00e9s Gnattali, among others.<br>3) Special arrangements (*) for songs by other authors, written for any type of group.<\/p><p>_______________________<\/p><p>(*) \u201cSpecial arrangements\u201d are understood to be the more elaborate ones, in which Radam\u00e9s made use of compositional resources commonly used in his concert work.<\/p>\t\t\t\t\t\t\t\t<\/div>\n\t\t\t\t<\/div>\n\t\t\t\t<section class=\"elementor-section elementor-inner-section elementor-element elementor-element-6c1ecc2 elementor-section-boxed elementor-section-height-default elementor-section-height-default\" data-id=\"6c1ecc2\" data-element_type=\"section\" data-e-type=\"section\" data-settings=\"{&quot;jet_parallax_layout_list&quot;:[]}\">\n\t\t\t\t\t\t<div class=\"elementor-container elementor-column-gap-default\">\n\t\t\t\t\t<div class=\"elementor-column elementor-col-50 elementor-inner-column elementor-element elementor-element-86b0545\" data-id=\"86b0545\" data-element_type=\"column\" data-e-type=\"column\">\n\t\t\t<div class=\"elementor-widget-wrap elementor-element-populated\">\n\t\t\t\t\t\t<div class=\"elementor-element elementor-element-76ccb59 elementor-widget elementor-widget-text-editor\" data-id=\"76ccb59\" data-element_type=\"widget\" data-e-type=\"widget\" data-widget_type=\"text-editor.default\">\n\t\t\t\t<div class=\"elementor-widget-container\">\n\t\t\t\t\t\t\t\t\t<p><em><strong>Radam\u00e9s Gnattali digital catalog of popular music<\/strong><\/em><br><em><strong>Radames Gnattali Official Website <\/strong><br><\/em><br><b>Equipe do projeto<br><\/b>. Sheet music inventory: <b>Nelly Gnattali | Roberto Gnattali | Fl\u00e1vio de Paula<br><\/b>. Sheet music cataloging: <b>\u00c1lea de Almeida | Adriana Ballest\u00e9 | Tomaz Retz <br><\/b>. Tech support: Monocromo<b><br><\/b>. Search \/ texts: <strong>Roberto Gnattali | Maria Clara Wasserman<\/strong> <br>. Press search: <b>Jamerson Farias | Roberto Gnattali<br><\/b>. English text version: <b>Lidia Becker<br><\/b>. Text review: <b>Liana Koiller Schnoor<br><\/b>. Scanning sheet music: <strong>DOCPRO<br><\/strong>. Editing \/ Reviewing Sheet Music: <strong>Jayme Vignoli | Jos\u00e9 Staneck | Luiz Fl\u00e1vio Alcofra | Marc\u00edlio Lopes <br><\/strong>. Accounting: M &amp; A Consultoria Cont\u00e1bil Ltda.<br>. Visual programming: <strong>Daniel Gnattali<br><\/strong>. Art direction\/Webdesign: Luciana Ara\u00fajo | LUMYX design<strong><br><\/strong><strong>. <\/strong>Development and CMS<strong> \u2013 Mileni Santos<\/strong><br>. Coordination of information technology and architecture: <strong>Adriana Ballest\u00e9<\/strong><br>. Overall coordination: <strong>Roberto Gnattali<\/strong><\/p>\t\t\t\t\t\t\t\t<\/div>\n\t\t\t\t<\/div>\n\t\t\t\t\t<\/div>\n\t\t<\/div>\n\t\t\t\t<div class=\"elementor-column elementor-col-50 elementor-inner-column elementor-element elementor-element-16c56fc\" data-id=\"16c56fc\" data-element_type=\"column\" data-e-type=\"column\">\n\t\t\t<div class=\"elementor-widget-wrap elementor-element-populated\">\n\t\t\t\t\t\t<div class=\"elementor-element elementor-element-497f5ad elementor-widget elementor-widget-text-editor\" data-id=\"497f5ad\" data-element_type=\"widget\" data-e-type=\"widget\" data-widget_type=\"text-editor.default\">\n\t\t\t\t<div class=\"elementor-widget-container\">\n\t\t\t\t\t\t\t\t\t<p><em><strong>Thanks<\/strong><\/em><\/p><p><strong>. A\u00edda Gnattali<\/strong> (in memoriam)<br><strong>. Alexandre Dias<\/strong> (IPB-DF)<br><strong>. Alexandre Loureiro<\/strong> (RJ)<br><strong>. Andr\u00e9 Cardoso<\/strong> (ABM-RJ)<br><strong>. Carla Gnattali<\/strong> (RJ)<br><strong>. Discoteca MB [Miguel Bragioni]<\/strong> (SP)<br>. <strong>Hugo Pilger<\/strong> (RJ)<br><strong>. Jairo Severiano<\/strong> (RJ)<br><strong>. Jussara Gomes Gr\u00fcber<\/strong> (DF)<br><strong>. Luciana Rabello<\/strong> (Casa do Choro-RJ)<br>. <strong>Luis Antonio Santos<\/strong> (RJ)<br><strong>. Luis Rabello<\/strong> (NL)<br>. <strong>Nelly Gnattali<\/strong> (RJ)<br><strong>. Paulo Arag\u00e3o<\/strong> (Casa do Choro-RJ)<br><strong>. Paulo Santoro<\/strong> (Quarteto Concertante-RJ)<br><strong>. Priscila C\u00e2mara<\/strong> (RJ)<br><strong>. Sandrino Santoro<\/strong> (RJ)<br><strong>. Saulo Augusto Sanabio<\/strong> (RJ)<br><strong>. Sergio Prata<\/strong> (RJ)<br><strong>. Val\u00e9ria Peixoto<\/strong> (ABM-RJ)<\/p>\t\t\t\t\t\t\t\t<\/div>\n\t\t\t\t<\/div>\n\t\t\t\t\t<\/div>\n\t\t<\/div>\n\t\t\t\t\t<\/div>\n\t\t<\/section>\n\t\t\t\t<div class=\"elementor-element elementor-element-f6466b5 elementor-widget elementor-widget-text-editor\" data-id=\"f6466b5\" data-element_type=\"widget\" data-e-type=\"widget\" data-widget_type=\"text-editor.default\">\n\t\t\t\t<div class=\"elementor-widget-container\">\n\t\t\t\t\t\t\t\t\t<p><strong>Consultation sources<br><\/strong><strong><br>institutions<\/strong><\/p><p>. Academia Brasileira de M\u00fasica: <a href=\"https:\/\/www.abmusica.org.br\/\" target=\"_blank\" rel=\"noopener\">https:\/\/www.abmusica.org.br\/<\/a><\/p><p>. Casa do Choro: <a href=\"http:\/\/www.casadochoro.com.br\/\" target=\"_blank\" rel=\"noopener\">http:\/\/www.casadochoro.com.br\/<\/a><\/p><p>. Instituto Moreira Sales (IMS): <a href=\"https:\/\/ims.com.br\/\" target=\"_blank\" rel=\"noopener\">https:\/\/ims.com.br\/<\/a><\/p><p>. Instituto Piano Brasileiro (IPB): <a href=\"http:\/\/institutopianobrasileiro.com.br\/\" target=\"_blank\" rel=\"noopener\">http:\/\/institutopianobrasileiro.com.br\/<\/a><\/p><p>. Museu Villa-Lobos: <a href=\"https:\/\/museuvillalobos.museus.gov.br\/\" target=\"_blank\" rel=\"noopener\">https:\/\/museuvillalobos.museus.gov.br\/<\/a><\/p><p><strong><br>Discographs and sound archives<\/strong><\/p><p>. Museu da Imagem e do Som do Rio de Janeiro (MIS): <a href=\"http:\/\/www.mis.rj.gov.br\/\" target=\"_blank\" rel=\"noopener\">http:\/\/www.mis.rj.gov.br\/<\/a><\/p><p>. Arquivo Nirez \u2013 grava\u00e7\u00f5es de discos de 78 rpm<\/p><p>. Discos do Brasil: https:\/\/discosdobrasil.com.br\/ <\/p><p>. Instituto Mem\u00f3ria Musical Brasileira (IMMuB): <a href=\"https:\/\/immub.org\/\" target=\"_blank\" rel=\"noopener\">https:\/\/immub.org\/<\/a><\/p><p><b>Bibliography <\/b><\/p><p>. Barbosa, Valdinha &amp; Devos, Anne Marie. <em>Radam\u00e9s Gnattali \u2013 o eterno experimentador. <\/em>Rio de Janeiro: Funarte, 1984.<\/p><p>. Didier, Alu\u00edsio. <em>Radam\u00e9s Gnattali<\/em>. Rio de Janeiro: Brasiliana Produ\u00e7\u00f5es, 1996.<\/p><p>. Mariz, Vasco. <em>Hist\u00f3ria da M\u00fasica no Brasil<\/em>. Cole\u00e7\u00e3o Retratos do Brasil, volume 150. Rio de Janeiro: Civiliza\u00e7\u00e3o Brasileira \/ INL \/ MEC, 1981<\/p><p>. Pinheiro, Claudia. Org. <em>A R\u00e1dio Nacional.<\/em> Rio de Janeiro: Editora Nova Fronteira, 2005.<\/p><p>. Saroldi, Luiz Carlos &amp; Moreira, Sonia Virg\u00ednia. <em>R\u00e1dio Nacional: o Brasil em sintonia<\/em>. Rio de Janeiro: Jorge Zahar Ed., 2005.<\/p><p>. Severiano, Jairo. <em>Uma hist\u00f3ria da m\u00fasica popular brasileira: das origens \u00e0 modernidade<\/em>. S\u00e3o Paulo: Ed. 34, 2008.<\/p><p>. Severiano, Jairo &amp; Homem de Mello, Zuza. <em>A Can\u00e7\u00e3o no Tempo: 85 anos de m\u00fasicas brasileiras. Vols 1e 2.<\/em> S\u00e3o Paulo: Ed. 34, 1997.<br><strong><br>M\u00eddias digitais<\/strong><\/p><p>. Ballest\u00e9, Adriana &amp; Gnattali, Roberto. <em>Cat\u00e1logo digital Radam\u00e9s Gnattali, CD-ROM multim\u00eddia.<\/em> Petrobras Cultural. Rio de Janeiro, 2005.<\/p><p><b>Sites<\/b><\/p><p>. Cinemateca Brasileira: <a href=\"http:\/\/cinemateca.org.br\/\" target=\"_blank\" rel=\"noopener\">http:\/\/cinemateca.org.br<\/a><\/p><p>. Dicion\u00e1rio Cravo Albin da M\u00fasica Popular: \/<a href=\"https:\/\/www.dicionariompb.com.br\/\" target=\"_blank\" rel=\"noopener\">https:\/\/www.dicionariompb.com.br\/<\/a>  <\/p><p>. Enciclop\u00e9dia Ita\u00fa Cultural: <a href=\"https:\/\/enciclopedia.itaucultural.org.br\/\" target=\"_blank\" rel=\"noopener\">https:\/\/enciclopedia.itaucultural.org.br\/<\/a><\/p><p>. Funda\u00e7\u00e3o Get\u00falio Vargas\/CPDOC: <a href=\"https:\/\/cpdoc.fgv.br\/\" target=\"_blank\" rel=\"noopener\">https:\/\/cpdoc.fgv.br\/<\/a><\/p><p>. Hemeroteca da Biblioteca Nacional: <a href=\"http:\/\/bndigital.bn.br\/hemeroteca-digital\/\" target=\"_blank\" rel=\"noopener\">http:\/\/bndigital.bn.br\/hemeroteca-digital\/<\/a><\/p><p>. IMS \u2013 Acervos de M\u00fasica: <a href=\"https:\/\/ims.com.br\/acervos\/musica\/\" target=\"_blank\" rel=\"noopener\">https:\/\/ims.com.br\/acervos\/musica\/<\/a><\/p><p>. IMS \u2013 Ernesto Nazareth \u2013 150 anos: <a href=\"https:\/\/www.ernestonazareth150anos.com.br\/\" target=\"_blank\" rel=\"noopener\">https:\/\/www.ernestonazareth150anos.com.br\/<\/a><\/p><p>. IMS \u2013 Pixinguinha: <a href=\"https:\/\/pixinguinha.com.br\/\" target=\"_blank\" rel=\"noopener\">https:\/\/pixinguinha.com.br\/<\/a><\/p><p>. Instituto Antonio Carlos Jobim \u2013 <a href=\"http:\/\/www.jobim.org\/\" target=\"_blank\" rel=\"noopener\">http:\/\/www.jobim.org\/<\/a><\/p>\t\t\t\t\t\t\t\t<\/div>\n\t\t\t\t<\/div>\n\t\t\t\t\t<\/div>\n\t\t<\/div>\n\t\t\t\t\t<\/div>\n\t\t<\/section>\n\t\t\t\t<\/div>\n\t\t","protected":false},"excerpt":{"rendered":"<p>Project Radam\u00e9s Gnattali is national and worldwide recognized as one of the greatest masters of Brazilian and Latin-American music. His concert work has consistent volume, about 300 pieces, among piano and guitar solos, as well as many chamber and symphonic music. As far as the popular music is concerned, he also shines with a singular [&hellip;]<\/p>\n","protected":false},"author":1,"featured_media":0,"parent":0,"menu_order":0,"comment_status":"closed","ping_status":"closed","template":"elementor_header_footer","meta":{"footnotes":""},"class_list":["post-9138","page","type-page","status-publish","hentry"],"yoast_head":"<!-- This site is optimized with the Yoast SEO plugin v27.2 - https:\/\/yoast.com\/product\/yoast-seo-wordpress\/ -->\n<title>Project - Radam\u00e9s Gnattali<\/title>\n<meta name=\"robots\" content=\"index, follow, max-snippet:-1, max-image-preview:large, max-video-preview:-1\" \/>\n<link rel=\"canonical\" href=\"https:\/\/radamesgnattali.com.br\/en\/project\/\" \/>\n<meta property=\"og:locale\" content=\"en_US\" \/>\n<meta property=\"og:type\" content=\"article\" \/>\n<meta property=\"og:title\" content=\"Project - Radam\u00e9s Gnattali\" \/>\n<meta property=\"og:description\" content=\"Project Radam\u00e9s Gnattali is national and worldwide recognized as one of the greatest masters of Brazilian and Latin-American music. His concert work has consistent volume, about 300 pieces, among piano and guitar solos, as well as many chamber and symphonic music. As far as the popular music is concerned, he also shines with a singular [&hellip;]\" \/>\n<meta property=\"og:url\" content=\"https:\/\/radamesgnattali.com.br\/en\/project\/\" \/>\n<meta property=\"og:site_name\" content=\"Radam\u00e9s Gnattali\" \/>\n<meta property=\"article:modified_time\" content=\"2022-07-25T17:55:50+00:00\" \/>\n<meta name=\"twitter:card\" content=\"summary_large_image\" \/>\n<meta name=\"twitter:label1\" content=\"Est. reading time\" \/>\n\t<meta name=\"twitter:data1\" content=\"7 minutes\" \/>\n<script type=\"application\/ld+json\" class=\"yoast-schema-graph\">{\"@context\":\"https:\/\/schema.org\",\"@graph\":[{\"@type\":\"WebPage\",\"@id\":\"https:\/\/radamesgnattali.com.br\/en\/project\/\",\"url\":\"https:\/\/radamesgnattali.com.br\/en\/project\/\",\"name\":\"Project - Radam\u00e9s Gnattali\",\"isPartOf\":{\"@id\":\"https:\/\/radamesgnattali.com.br\/#website\"},\"datePublished\":\"2022-03-07T16:43:53+00:00\",\"dateModified\":\"2022-07-25T17:55:50+00:00\",\"breadcrumb\":{\"@id\":\"https:\/\/radamesgnattali.com.br\/en\/project\/#breadcrumb\"},\"inLanguage\":\"en-US\",\"potentialAction\":[{\"@type\":\"ReadAction\",\"target\":[\"https:\/\/radamesgnattali.com.br\/en\/project\/\"]}]},{\"@type\":\"BreadcrumbList\",\"@id\":\"https:\/\/radamesgnattali.com.br\/en\/project\/#breadcrumb\",\"itemListElement\":[{\"@type\":\"ListItem\",\"position\":1,\"name\":\"In\u00edcio\",\"item\":\"https:\/\/radamesgnattali.com.br\/en\/\"},{\"@type\":\"ListItem\",\"position\":2,\"name\":\"Project\"}]},{\"@type\":\"WebSite\",\"@id\":\"https:\/\/radamesgnattali.com.br\/#website\",\"url\":\"https:\/\/radamesgnattali.com.br\/\",\"name\":\"Radam\u00e9s Gnattali\",\"description\":\"\",\"potentialAction\":[{\"@type\":\"SearchAction\",\"target\":{\"@type\":\"EntryPoint\",\"urlTemplate\":\"https:\/\/radamesgnattali.com.br\/?s={search_term_string}\"},\"query-input\":{\"@type\":\"PropertyValueSpecification\",\"valueRequired\":true,\"valueName\":\"search_term_string\"}}],\"inLanguage\":\"en-US\"}]}<\/script>\n<!-- \/ Yoast SEO plugin. -->","yoast_head_json":{"title":"Project - Radam\u00e9s Gnattali","robots":{"index":"index","follow":"follow","max-snippet":"max-snippet:-1","max-image-preview":"max-image-preview:large","max-video-preview":"max-video-preview:-1"},"canonical":"https:\/\/radamesgnattali.com.br\/en\/project\/","og_locale":"en_US","og_type":"article","og_title":"Project - Radam\u00e9s Gnattali","og_description":"Project Radam\u00e9s Gnattali is national and worldwide recognized as one of the greatest masters of Brazilian and Latin-American music. His concert work has consistent volume, about 300 pieces, among piano and guitar solos, as well as many chamber and symphonic music. As far as the popular music is concerned, he also shines with a singular [&hellip;]","og_url":"https:\/\/radamesgnattali.com.br\/en\/project\/","og_site_name":"Radam\u00e9s Gnattali","article_modified_time":"2022-07-25T17:55:50+00:00","twitter_card":"summary_large_image","twitter_misc":{"Est. reading time":"7 minutes"},"schema":{"@context":"https:\/\/schema.org","@graph":[{"@type":"WebPage","@id":"https:\/\/radamesgnattali.com.br\/en\/project\/","url":"https:\/\/radamesgnattali.com.br\/en\/project\/","name":"Project - Radam\u00e9s Gnattali","isPartOf":{"@id":"https:\/\/radamesgnattali.com.br\/#website"},"datePublished":"2022-03-07T16:43:53+00:00","dateModified":"2022-07-25T17:55:50+00:00","breadcrumb":{"@id":"https:\/\/radamesgnattali.com.br\/en\/project\/#breadcrumb"},"inLanguage":"en-US","potentialAction":[{"@type":"ReadAction","target":["https:\/\/radamesgnattali.com.br\/en\/project\/"]}]},{"@type":"BreadcrumbList","@id":"https:\/\/radamesgnattali.com.br\/en\/project\/#breadcrumb","itemListElement":[{"@type":"ListItem","position":1,"name":"In\u00edcio","item":"https:\/\/radamesgnattali.com.br\/en\/"},{"@type":"ListItem","position":2,"name":"Project"}]},{"@type":"WebSite","@id":"https:\/\/radamesgnattali.com.br\/#website","url":"https:\/\/radamesgnattali.com.br\/","name":"Radam\u00e9s Gnattali","description":"","potentialAction":[{"@type":"SearchAction","target":{"@type":"EntryPoint","urlTemplate":"https:\/\/radamesgnattali.com.br\/?s={search_term_string}"},"query-input":{"@type":"PropertyValueSpecification","valueRequired":true,"valueName":"search_term_string"}}],"inLanguage":"en-US"}]}},"_links":{"self":[{"href":"https:\/\/radamesgnattali.com.br\/en\/wp-json\/wp\/v2\/pages\/9138","targetHints":{"allow":["GET"]}}],"collection":[{"href":"https:\/\/radamesgnattali.com.br\/en\/wp-json\/wp\/v2\/pages"}],"about":[{"href":"https:\/\/radamesgnattali.com.br\/en\/wp-json\/wp\/v2\/types\/page"}],"author":[{"embeddable":true,"href":"https:\/\/radamesgnattali.com.br\/en\/wp-json\/wp\/v2\/users\/1"}],"replies":[{"embeddable":true,"href":"https:\/\/radamesgnattali.com.br\/en\/wp-json\/wp\/v2\/comments?post=9138"}],"version-history":[{"count":1,"href":"https:\/\/radamesgnattali.com.br\/en\/wp-json\/wp\/v2\/pages\/9138\/revisions"}],"predecessor-version":[{"id":9139,"href":"https:\/\/radamesgnattali.com.br\/en\/wp-json\/wp\/v2\/pages\/9138\/revisions\/9139"}],"wp:attachment":[{"href":"https:\/\/radamesgnattali.com.br\/en\/wp-json\/wp\/v2\/media?parent=9138"}],"curies":[{"name":"wp","href":"https:\/\/api.w.org\/{rel}","templated":true}]}}