{"id":8336,"date":"2022-02-09T18:29:45","date_gmt":"2022-02-09T18:29:45","guid":{"rendered":"https:\/\/radamesgnattali.com.br\/radames-and-his-timeline\/"},"modified":"2022-11-08T13:25:35","modified_gmt":"2022-11-08T13:25:35","slug":"radames-and-his-timeline","status":"publish","type":"page","link":"https:\/\/radamesgnattali.com.br\/en\/radames-and-his-timeline\/","title":{"rendered":"Radam\u00e9s and his timeline"},"content":{"rendered":"\t\t<div data-elementor-type=\"wp-page\" data-elementor-id=\"8336\" class=\"elementor elementor-8336\" data-elementor-post-type=\"page\">\n\t\t\t\t\t\t<section class=\"elementor-section elementor-top-section elementor-element elementor-element-e576366 elementor-section-full_width elementor-section-height-default elementor-section-height-default\" data-id=\"e576366\" data-element_type=\"section\" data-e-type=\"section\" data-settings=\"{&quot;jet_parallax_layout_list&quot;:[]}\">\n\t\t\t\t\t\t<div class=\"elementor-container elementor-column-gap-default\">\n\t\t\t\t\t<div class=\"elementor-column elementor-col-33 elementor-top-column elementor-element elementor-element-e158f03 elementor-hidden-mobile\" data-id=\"e158f03\" data-element_type=\"column\" data-e-type=\"column\">\n\t\t\t<div class=\"elementor-widget-wrap\">\n\t\t\t\t\t\t\t<\/div>\n\t\t<\/div>\n\t\t\t\t<div class=\"elementor-column elementor-col-33 elementor-top-column elementor-element elementor-element-b732081\" data-id=\"b732081\" data-element_type=\"column\" data-e-type=\"column\" data-settings=\"{&quot;background_background&quot;:&quot;classic&quot;}\">\n\t\t\t<div class=\"elementor-widget-wrap elementor-element-populated\">\n\t\t\t\t\t\t<div class=\"elementor-element elementor-element-4568868 elementor-widget elementor-widget-heading\" data-id=\"4568868\" data-element_type=\"widget\" data-e-type=\"widget\" data-widget_type=\"heading.default\">\n\t\t\t\t<div class=\"elementor-widget-container\">\n\t\t\t\t\t<h2 class=\"elementor-heading-title elementor-size-default\">Radam\u00e9s | Radam\u00e9s and his timeline<\/h2>\t\t\t\t<\/div>\n\t\t\t\t<\/div>\n\t\t\t\t\t<\/div>\n\t\t<\/div>\n\t\t\t\t<div class=\"elementor-column elementor-col-33 elementor-top-column elementor-element elementor-element-1e061e2\" data-id=\"1e061e2\" data-element_type=\"column\" data-e-type=\"column\">\n\t\t\t<div class=\"elementor-widget-wrap\">\n\t\t\t\t\t\t\t<\/div>\n\t\t<\/div>\n\t\t\t\t\t<\/div>\n\t\t<\/section>\n\t\t\t\t<section class=\"elementor-section elementor-top-section elementor-element elementor-element-6038af1 elementor-section-boxed elementor-section-height-default elementor-section-height-default\" data-id=\"6038af1\" data-element_type=\"section\" data-e-type=\"section\" data-settings=\"{&quot;jet_parallax_layout_list&quot;:[]}\">\n\t\t\t\t\t\t<div class=\"elementor-container elementor-column-gap-default\">\n\t\t\t\t\t<div class=\"elementor-column elementor-col-100 elementor-top-column elementor-element elementor-element-37d4efd\" data-id=\"37d4efd\" data-element_type=\"column\" data-e-type=\"column\">\n\t\t\t<div class=\"elementor-widget-wrap elementor-element-populated\">\n\t\t\t\t\t\t<div class=\"elementor-element elementor-element-41da3be elementor-widget elementor-widget-jet-ajax-search\" data-id=\"41da3be\" data-element_type=\"widget\" data-e-type=\"widget\" data-settings=\"{&quot;results_area_columns&quot;:1}\" data-widget_type=\"jet-ajax-search.default\">\n\t\t\t\t<div class=\"elementor-widget-container\">\n\t\t\t\t\t<div class=\"elementor-jet-ajax-search jet-search\">\n\t<div class=\"jet_search_listing_grid_hidden_template\" style=\"display: none;\">\n\t\t\t<\/div>\n\n<div class=\"jet-ajax-search jet-ajax-search--mobile-skin\" data-settings=\"{&quot;symbols_for_start_searching&quot;:2,&quot;search_by_empty_value&quot;:&quot;&quot;,&quot;submit_on_enter&quot;:&quot;&quot;,&quot;search_source&quot;:[&quot;linha-do-tempo-radam&quot;],&quot;search_logging&quot;:&quot;&quot;,&quot;search_results_url&quot;:&quot;&quot;,&quot;search_taxonomy&quot;:&quot;&quot;,&quot;include_terms_ids&quot;:[],&quot;exclude_terms_ids&quot;:[],&quot;exclude_posts_ids&quot;:[],&quot;custom_fields_source&quot;:&quot;&quot;,&quot;limit_query&quot;:5,&quot;limit_query_tablet&quot;:&quot;&quot;,&quot;limit_query_mobile&quot;:&quot;&quot;,&quot;limit_query_in_result_area&quot;:25,&quot;results_order_by&quot;:&quot;relevance&quot;,&quot;results_order&quot;:&quot;asc&quot;,&quot;sentence&quot;:&quot;yes&quot;,&quot;search_in_taxonomy&quot;:&quot;&quot;,&quot;search_in_taxonomy_source&quot;:&quot;&quot;,&quot;results_area_width_by&quot;:&quot;fields_holder&quot;,&quot;results_area_custom_width&quot;:&quot;&quot;,&quot;results_area_custom_position&quot;:&quot;&quot;,&quot;results_area_columns&quot;:1,&quot;results_area_columns_tablet&quot;:&quot;&quot;,&quot;results_area_columns_mobile&quot;:&quot;&quot;,&quot;results_area_columns_mobile_portrait&quot;:&quot;&quot;,&quot;thumbnail_visible&quot;:&quot;&quot;,&quot;thumbnail_size&quot;:&quot;&quot;,&quot;thumbnail_placeholder&quot;:&quot;&quot;,&quot;post_content_source&quot;:&quot;content&quot;,&quot;post_content_custom_field_key&quot;:&quot;&quot;,&quot;post_content_length&quot;:20,&quot;show_product_price&quot;:&quot;&quot;,&quot;show_product_rating&quot;:&quot;&quot;,&quot;show_add_to_cart&quot;:&quot;&quot;,&quot;show_result_new_tab&quot;:&quot;&quot;,&quot;highlight_searched_text&quot;:&quot;&quot;,&quot;listing_id&quot;:&quot;&quot;,&quot;bullet_pagination&quot;:&quot;&quot;,&quot;number_pagination&quot;:&quot;&quot;,&quot;navigation_arrows&quot;:&quot;in_header&quot;,&quot;navigation_arrows_type&quot;:&quot;angle&quot;,&quot;show_title_related_meta&quot;:&quot;&quot;,&quot;meta_title_related_position&quot;:&quot;&quot;,&quot;title_related_meta&quot;:&quot;&quot;,&quot;show_content_related_meta&quot;:&quot;&quot;,&quot;meta_content_related_position&quot;:&quot;&quot;,&quot;content_related_meta&quot;:&quot;&quot;,&quot;negative_search&quot;:&quot;Sorry, but nothing matched your search terms.&quot;,&quot;server_error&quot;:&quot;Sorry, but we cannot handle your search query right now. Try again later!&quot;,&quot;show_search_suggestions&quot;:&quot;&quot;,&quot;search_suggestions_position&quot;:&quot;&quot;,&quot;search_suggestions_source&quot;:&quot;&quot;,&quot;search_suggestions_limits&quot;:&quot;&quot;,&quot;search_suggestions_item_title_length&quot;:&quot;&quot;,&quot;search_source_terms&quot;:&quot;&quot;,&quot;search_source_terms_title&quot;:&quot;&quot;,&quot;search_source_terms_icon&quot;:&quot;&quot;,&quot;search_source_terms_limit&quot;:&quot;&quot;,&quot;search_source_terms_listing_id&quot;:&quot;&quot;,&quot;search_source_terms_taxonomy&quot;:&quot;&quot;,&quot;search_source_users&quot;:&quot;&quot;,&quot;search_source_users_title&quot;:&quot;&quot;,&quot;search_source_users_icon&quot;:&quot;&quot;,&quot;search_source_users_limit&quot;:&quot;&quot;,&quot;search_source_users_listing_id&quot;:&quot;&quot;}\"><form class=\"jet-ajax-search__form\" method=\"get\" action=\"https:\/\/radamesgnattali.com.br\/en\/\" role=\"search\" target=\"\">\n\t<div class=\"jet-ajax-search__fields-holder\">\n\t\t<div class=\"jet-ajax-search__field-wrapper\">\n\t\t\t<label for=\"search-input-41da3be\" class=\"screen-reader-text\">Search ...<\/label>\n\t\t\t\t\t\t<input id=\"search-input-41da3be\" class=\"jet-ajax-search__field\" type=\"search\" placeholder=\"Search\" value=\"\" name=\"s\" autocomplete=\"off\" \/>\n\t\t\t\t\t\t\t<input type=\"hidden\" value=\"{&quot;search_source&quot;:&quot;linha-do-tempo-radam&quot;,&quot;sentence&quot;:true}\" name=\"jet_ajax_search_settings\" \/>\n\t\t\t\t\t\t\n\t\t\t\t\t<\/div>\n\t\t\t<\/div>\n\t\n<button class=\"jet-ajax-search__submit\" type=\"submit\" aria-label=\"Search submit\"><span class=\"jet-ajax-search__submit-icon jet-ajax-search-icon\"><i aria-hidden=\"true\" class=\"fas fa-search\"><\/i><\/span><\/button>\n<\/form>\n\n<div class=\"jet-ajax-search__results-area\" >\n\t<div class=\"jet-ajax-search__results-holder\">\n\t\t\t\t\t<div class=\"jet-ajax-search__results-header\">\n\t\t\t\t\n<button class=\"jet-ajax-search__results-count\" aria-label=\"View all results\"><span><\/span> Results<\/button>\n\t\t\t\t<div class=\"jet-ajax-search__navigation-holder\"><\/div>\n\t\t\t<\/div>\n\t\t\t\t\t\t<div class=\"jet-ajax-search__results-list results-area-col-desk-1 results-area-col-tablet-0 results-area-col-mobile-0 results-area-col-mobile-portrait-1\" >\n\t\t\t            <div class=\"jet-ajax-search__results-list-inner \"><\/div>\n\t\t\t\t\t<\/div>\n\t\t\t\t\t<div class=\"jet-ajax-search__results-footer\">\n\t\t\t\t\t\t\t\t<div class=\"jet-ajax-search__navigation-holder\"><\/div>\n\t\t\t<\/div>\n\t\t\t<\/div>\n\t<div class=\"jet-ajax-search__message\"><\/div>\n\t\n<div class=\"jet-ajax-search__spinner-holder\">\n\t<div class=\"jet-ajax-search__spinner\">\n\t\t<div class=\"rect rect-1\"><\/div>\n\t\t<div class=\"rect rect-2\"><\/div>\n\t\t<div class=\"rect rect-3\"><\/div>\n\t\t<div class=\"rect rect-4\"><\/div>\n\t\t<div class=\"rect rect-5\"><\/div>\n\t<\/div>\n<\/div>\n<\/div>\n<\/div>\n<\/div>\t\t\t\t<\/div>\n\t\t\t\t<\/div>\n\t\t\t\t\t<\/div>\n\t\t<\/div>\n\t\t\t\t\t<\/div>\n\t\t<\/section>\n\t\t\t\t<section class=\"elementor-section elementor-top-section elementor-element elementor-element-382e9e4 elementor-section-full_width elementor-section-height-default elementor-section-height-default\" data-id=\"382e9e4\" data-element_type=\"section\" data-e-type=\"section\" data-settings=\"{&quot;jet_parallax_layout_list&quot;:[]}\">\n\t\t\t\t\t\t<div class=\"elementor-container elementor-column-gap-default\">\n\t\t\t\t\t<div class=\"elementor-column elementor-col-100 elementor-top-column elementor-element elementor-element-22775f1\" data-id=\"22775f1\" data-element_type=\"column\" data-e-type=\"column\">\n\t\t\t<div class=\"elementor-widget-wrap elementor-element-populated\">\n\t\t\t\t\t\t<div class=\"elementor-element elementor-element-9481c11 elementor-icon-list--layout-inline elementor-align-center elementor-list-item-link-full_width elementor-widget elementor-widget-icon-list\" data-id=\"9481c11\" data-element_type=\"widget\" data-e-type=\"widget\" data-widget_type=\"icon-list.default\">\n\t\t\t\t<div class=\"elementor-widget-container\">\n\t\t\t\t\t\t\t<ul class=\"elementor-icon-list-items elementor-inline-items\">\n\t\t\t\t\t\t\t<li class=\"elementor-icon-list-item elementor-inline-item\">\n\t\t\t\t\t\t\t\t\t\t\t<a href=\"https:\/\/radamesgnattali.com.br\/1905-a-1910\/\">\n\n\t\t\t\t\t\t\t\t\t\t\t<span class=\"elementor-icon-list-text\">1905-1910<\/span>\n\t\t\t\t\t\t\t\t\t\t\t<\/a>\n\t\t\t\t\t\t\t\t\t<\/li>\n\t\t\t\t\t\t\t\t<li class=\"elementor-icon-list-item elementor-inline-item\">\n\t\t\t\t\t\t\t\t\t\t\t<a href=\"https:\/\/radamesgnattali.com.br\/1911-1920\/\">\n\n\t\t\t\t\t\t\t\t\t\t\t<span class=\"elementor-icon-list-text\">1911-1920<\/span>\n\t\t\t\t\t\t\t\t\t\t\t<\/a>\n\t\t\t\t\t\t\t\t\t<\/li>\n\t\t\t\t\t\t\t\t<li class=\"elementor-icon-list-item elementor-inline-item\">\n\t\t\t\t\t\t\t\t\t\t\t<a href=\"https:\/\/radamesgnattali.com.br\/1921-1930\/\">\n\n\t\t\t\t\t\t\t\t\t\t\t<span class=\"elementor-icon-list-text\">1921-1930<\/span>\n\t\t\t\t\t\t\t\t\t\t\t<\/a>\n\t\t\t\t\t\t\t\t\t<\/li>\n\t\t\t\t\t\t\t\t<li class=\"elementor-icon-list-item elementor-inline-item\">\n\t\t\t\t\t\t\t\t\t\t\t<a href=\"https:\/\/radamesgnattali.com.br\/1931-1940\/\">\n\n\t\t\t\t\t\t\t\t\t\t\t<span class=\"elementor-icon-list-text\">1931-1940<\/span>\n\t\t\t\t\t\t\t\t\t\t\t<\/a>\n\t\t\t\t\t\t\t\t\t<\/li>\n\t\t\t\t\t\t\t\t<li class=\"elementor-icon-list-item elementor-inline-item\">\n\t\t\t\t\t\t\t\t\t\t\t<a href=\"https:\/\/radamesgnattali.com.br\/1941-1950\/\">\n\n\t\t\t\t\t\t\t\t\t\t\t<span class=\"elementor-icon-list-text\">1941-1950<\/span>\n\t\t\t\t\t\t\t\t\t\t\t<\/a>\n\t\t\t\t\t\t\t\t\t<\/li>\n\t\t\t\t\t\t\t\t<li class=\"elementor-icon-list-item elementor-inline-item\">\n\t\t\t\t\t\t\t\t\t\t\t<a href=\"https:\/\/radamesgnattali.com.br\/1951-1960\/\">\n\n\t\t\t\t\t\t\t\t\t\t\t<span class=\"elementor-icon-list-text\">1951-1960<\/span>\n\t\t\t\t\t\t\t\t\t\t\t<\/a>\n\t\t\t\t\t\t\t\t\t<\/li>\n\t\t\t\t\t\t\t\t<li class=\"elementor-icon-list-item elementor-inline-item\">\n\t\t\t\t\t\t\t\t\t\t\t<a href=\"https:\/\/radamesgnattali.com.br\/1961-1970\/\">\n\n\t\t\t\t\t\t\t\t\t\t\t<span class=\"elementor-icon-list-text\">1961-1970<\/span>\n\t\t\t\t\t\t\t\t\t\t\t<\/a>\n\t\t\t\t\t\t\t\t\t<\/li>\n\t\t\t\t\t\t\t\t<li class=\"elementor-icon-list-item elementor-inline-item\">\n\t\t\t\t\t\t\t\t\t\t\t<a href=\"https:\/\/radamesgnattali.com.br\/1971-9180\/\">\n\n\t\t\t\t\t\t\t\t\t\t\t<span class=\"elementor-icon-list-text\">1971-1980<\/span>\n\t\t\t\t\t\t\t\t\t\t\t<\/a>\n\t\t\t\t\t\t\t\t\t<\/li>\n\t\t\t\t\t\t\t\t<li class=\"elementor-icon-list-item elementor-inline-item\">\n\t\t\t\t\t\t\t\t\t\t\t<a href=\"https:\/\/radamesgnattali.com.br\/1981-1990\/\">\n\n\t\t\t\t\t\t\t\t\t\t\t<span class=\"elementor-icon-list-text\">1981-1990<\/span>\n\t\t\t\t\t\t\t\t\t\t\t<\/a>\n\t\t\t\t\t\t\t\t\t<\/li>\n\t\t\t\t\t\t\t\t<li class=\"elementor-icon-list-item elementor-inline-item\">\n\t\t\t\t\t\t\t\t\t\t\t<a href=\"https:\/\/radamesgnattali.com.br\/1991-2000\/\">\n\n\t\t\t\t\t\t\t\t\t\t\t<span class=\"elementor-icon-list-text\">1991-2000<\/span>\n\t\t\t\t\t\t\t\t\t\t\t<\/a>\n\t\t\t\t\t\t\t\t\t<\/li>\n\t\t\t\t\t\t\t\t<li class=\"elementor-icon-list-item elementor-inline-item\">\n\t\t\t\t\t\t\t\t\t\t\t<a href=\"https:\/\/radamesgnattali.com.br\/2001-2010\/\">\n\n\t\t\t\t\t\t\t\t\t\t\t<span class=\"elementor-icon-list-text\">2001-2010<\/span>\n\t\t\t\t\t\t\t\t\t\t\t<\/a>\n\t\t\t\t\t\t\t\t\t<\/li>\n\t\t\t\t\t\t\t\t<li class=\"elementor-icon-list-item elementor-inline-item\">\n\t\t\t\t\t\t\t\t\t\t\t<a href=\"https:\/\/radamesgnattali.com.br\/2011-2020\/\">\n\n\t\t\t\t\t\t\t\t\t\t\t<span class=\"elementor-icon-list-text\">2011-2020<\/span>\n\t\t\t\t\t\t\t\t\t\t\t<\/a>\n\t\t\t\t\t\t\t\t\t<\/li>\n\t\t\t\t\t\t<\/ul>\n\t\t\t\t\t\t<\/div>\n\t\t\t\t<\/div>\n\t\t\t\t\t<\/div>\n\t\t<\/div>\n\t\t\t\t\t<\/div>\n\t\t<\/section>\n\t\t\t\t<\/div>\n\t\t","protected":false},"excerpt":{"rendered":"<p>Radam\u00e9s | Radam\u00e9s and his timeline Results 1905-1910 1911-1920 1921-1930 1931-1940 1941-1950 1951-1960 1961-1970 1971-1980 1981-1990 1991-2000 2001-2010 2011-2020<\/p>\n","protected":false},"author":1,"featured_media":0,"parent":0,"menu_order":0,"comment_status":"closed","ping_status":"closed","template":"elementor_header_footer","meta":{"footnotes":""},"class_list":["post-8336","page","type-page","status-publish","hentry"],"yoast_head":"<!-- This site is optimized with the Yoast SEO plugin v27.2 - https:\/\/yoast.com\/product\/yoast-seo-wordpress\/ -->\n<title>Radam\u00e9s and his timeline - Radam\u00e9s Gnattali<\/title>\n<meta name=\"robots\" content=\"index, follow, max-snippet:-1, max-image-preview:large, max-video-preview:-1\" \/>\n<link rel=\"canonical\" href=\"https:\/\/radamesgnattali.com.br\/en\/radames-and-his-timeline\/\" \/>\n<meta property=\"og:locale\" content=\"en_US\" \/>\n<meta property=\"og:type\" content=\"article\" \/>\n<meta property=\"og:title\" content=\"Radam\u00e9s and his timeline - Radam\u00e9s Gnattali\" \/>\n<meta property=\"og:description\" content=\"Radam\u00e9s | Radam\u00e9s and his timeline Results 1905-1910 1911-1920 1921-1930 1931-1940 1941-1950 1951-1960 1961-1970 1971-1980 1981-1990 1991-2000 2001-2010 2011-2020\" \/>\n<meta property=\"og:url\" content=\"https:\/\/radamesgnattali.com.br\/en\/radames-and-his-timeline\/\" \/>\n<meta property=\"og:site_name\" content=\"Radam\u00e9s Gnattali\" \/>\n<meta property=\"article:modified_time\" content=\"2022-11-08T13:25:35+00:00\" \/>\n<meta name=\"twitter:card\" content=\"summary_large_image\" \/>\n<script type=\"application\/ld+json\" class=\"yoast-schema-graph\">{\"@context\":\"https:\/\/schema.org\",\"@graph\":[{\"@type\":\"WebPage\",\"@id\":\"https:\/\/radamesgnattali.com.br\/en\/radames-and-his-timeline\/\",\"url\":\"https:\/\/radamesgnattali.com.br\/en\/radames-and-his-timeline\/\",\"name\":\"Radam\u00e9s and his timeline - Radam\u00e9s Gnattali\",\"isPartOf\":{\"@id\":\"https:\/\/radamesgnattali.com.br\/#website\"},\"datePublished\":\"2022-02-09T18:29:45+00:00\",\"dateModified\":\"2022-11-08T13:25:35+00:00\",\"breadcrumb\":{\"@id\":\"https:\/\/radamesgnattali.com.br\/en\/radames-and-his-timeline\/#breadcrumb\"},\"inLanguage\":\"en-US\",\"potentialAction\":[{\"@type\":\"ReadAction\",\"target\":[\"https:\/\/radamesgnattali.com.br\/en\/radames-and-his-timeline\/\"]}]},{\"@type\":\"BreadcrumbList\",\"@id\":\"https:\/\/radamesgnattali.com.br\/en\/radames-and-his-timeline\/#breadcrumb\",\"itemListElement\":[{\"@type\":\"ListItem\",\"position\":1,\"name\":\"In\u00edcio\",\"item\":\"https:\/\/radamesgnattali.com.br\/en\/\"},{\"@type\":\"ListItem\",\"position\":2,\"name\":\"Radam\u00e9s and his timeline\"}]},{\"@type\":\"WebSite\",\"@id\":\"https:\/\/radamesgnattali.com.br\/#website\",\"url\":\"https:\/\/radamesgnattali.com.br\/\",\"name\":\"Radam\u00e9s Gnattali\",\"description\":\"\",\"potentialAction\":[{\"@type\":\"SearchAction\",\"target\":{\"@type\":\"EntryPoint\",\"urlTemplate\":\"https:\/\/radamesgnattali.com.br\/?s={search_term_string}\"},\"query-input\":{\"@type\":\"PropertyValueSpecification\",\"valueRequired\":true,\"valueName\":\"search_term_string\"}}],\"inLanguage\":\"en-US\"}]}<\/script>\n<!-- \/ Yoast SEO plugin. -->","yoast_head_json":{"title":"Radam\u00e9s and his timeline - Radam\u00e9s Gnattali","robots":{"index":"index","follow":"follow","max-snippet":"max-snippet:-1","max-image-preview":"max-image-preview:large","max-video-preview":"max-video-preview:-1"},"canonical":"https:\/\/radamesgnattali.com.br\/en\/radames-and-his-timeline\/","og_locale":"en_US","og_type":"article","og_title":"Radam\u00e9s and his timeline - Radam\u00e9s Gnattali","og_description":"Radam\u00e9s | Radam\u00e9s and his timeline Results 1905-1910 1911-1920 1921-1930 1931-1940 1941-1950 1951-1960 1961-1970 1971-1980 1981-1990 1991-2000 2001-2010 2011-2020","og_url":"https:\/\/radamesgnattali.com.br\/en\/radames-and-his-timeline\/","og_site_name":"Radam\u00e9s Gnattali","article_modified_time":"2022-11-08T13:25:35+00:00","twitter_card":"summary_large_image","schema":{"@context":"https:\/\/schema.org","@graph":[{"@type":"WebPage","@id":"https:\/\/radamesgnattali.com.br\/en\/radames-and-his-timeline\/","url":"https:\/\/radamesgnattali.com.br\/en\/radames-and-his-timeline\/","name":"Radam\u00e9s and his timeline - Radam\u00e9s Gnattali","isPartOf":{"@id":"https:\/\/radamesgnattali.com.br\/#website"},"datePublished":"2022-02-09T18:29:45+00:00","dateModified":"2022-11-08T13:25:35+00:00","breadcrumb":{"@id":"https:\/\/radamesgnattali.com.br\/en\/radames-and-his-timeline\/#breadcrumb"},"inLanguage":"en-US","potentialAction":[{"@type":"ReadAction","target":["https:\/\/radamesgnattali.com.br\/en\/radames-and-his-timeline\/"]}]},{"@type":"BreadcrumbList","@id":"https:\/\/radamesgnattali.com.br\/en\/radames-and-his-timeline\/#breadcrumb","itemListElement":[{"@type":"ListItem","position":1,"name":"In\u00edcio","item":"https:\/\/radamesgnattali.com.br\/en\/"},{"@type":"ListItem","position":2,"name":"Radam\u00e9s and his timeline"}]},{"@type":"WebSite","@id":"https:\/\/radamesgnattali.com.br\/#website","url":"https:\/\/radamesgnattali.com.br\/","name":"Radam\u00e9s Gnattali","description":"","potentialAction":[{"@type":"SearchAction","target":{"@type":"EntryPoint","urlTemplate":"https:\/\/radamesgnattali.com.br\/?s={search_term_string}"},"query-input":{"@type":"PropertyValueSpecification","valueRequired":true,"valueName":"search_term_string"}}],"inLanguage":"en-US"}]}},"_links":{"self":[{"href":"https:\/\/radamesgnattali.com.br\/en\/wp-json\/wp\/v2\/pages\/8336","targetHints":{"allow":["GET"]}}],"collection":[{"href":"https:\/\/radamesgnattali.com.br\/en\/wp-json\/wp\/v2\/pages"}],"about":[{"href":"https:\/\/radamesgnattali.com.br\/en\/wp-json\/wp\/v2\/types\/page"}],"author":[{"embeddable":true,"href":"https:\/\/radamesgnattali.com.br\/en\/wp-json\/wp\/v2\/users\/1"}],"replies":[{"embeddable":true,"href":"https:\/\/radamesgnattali.com.br\/en\/wp-json\/wp\/v2\/comments?post=8336"}],"version-history":[{"count":7,"href":"https:\/\/radamesgnattali.com.br\/en\/wp-json\/wp\/v2\/pages\/8336\/revisions"}],"predecessor-version":[{"id":11230,"href":"https:\/\/radamesgnattali.com.br\/en\/wp-json\/wp\/v2\/pages\/8336\/revisions\/11230"}],"wp:attachment":[{"href":"https:\/\/radamesgnattali.com.br\/en\/wp-json\/wp\/v2\/media?parent=8336"}],"curies":[{"name":"wp","href":"https:\/\/api.w.org\/{rel}","templated":true}]}}