{"id":8231,"date":"2022-03-07T16:50:28","date_gmt":"2022-03-07T16:50:28","guid":{"rendered":"https:\/\/radamesgnattali.com.br\/about-the-website\/"},"modified":"2022-07-14T18:42:26","modified_gmt":"2022-07-14T18:42:26","slug":"about-the-website","status":"publish","type":"page","link":"https:\/\/radamesgnattali.com.br\/en\/about-the-website\/","title":{"rendered":"About the website"},"content":{"rendered":"\t\t<div data-elementor-type=\"wp-page\" data-elementor-id=\"8231\" class=\"elementor elementor-8231\" data-elementor-post-type=\"page\">\n\t\t\t\t\t\t<section class=\"elementor-section elementor-top-section elementor-element elementor-element-83fbce6 elementor-section-full_width elementor-section-height-default elementor-section-height-default\" data-id=\"83fbce6\" data-element_type=\"section\" data-e-type=\"section\" data-settings=\"{&quot;jet_parallax_layout_list&quot;:[]}\">\n\t\t\t\t\t\t<div class=\"elementor-container elementor-column-gap-default\">\n\t\t\t\t\t<div class=\"elementor-column elementor-col-33 elementor-top-column elementor-element elementor-element-fb34357 elementor-hidden-mobile\" data-id=\"fb34357\" data-element_type=\"column\" data-e-type=\"column\">\n\t\t\t<div class=\"elementor-widget-wrap\">\n\t\t\t\t\t\t\t<\/div>\n\t\t<\/div>\n\t\t\t\t<div class=\"elementor-column elementor-col-33 elementor-top-column elementor-element elementor-element-a71289b\" data-id=\"a71289b\" data-element_type=\"column\" data-e-type=\"column\" data-settings=\"{&quot;background_background&quot;:&quot;classic&quot;}\">\n\t\t\t<div class=\"elementor-widget-wrap elementor-element-populated\">\n\t\t\t\t\t\t<div class=\"elementor-element elementor-element-fd0d854 elementor-widget elementor-widget-heading\" data-id=\"fd0d854\" data-element_type=\"widget\" data-e-type=\"widget\" data-widget_type=\"heading.default\">\n\t\t\t\t<div class=\"elementor-widget-container\">\n\t\t\t\t\t<h2 class=\"elementor-heading-title elementor-size-default\">About the website<\/h2>\t\t\t\t<\/div>\n\t\t\t\t<\/div>\n\t\t\t\t\t<\/div>\n\t\t<\/div>\n\t\t\t\t<div class=\"elementor-column elementor-col-33 elementor-top-column elementor-element elementor-element-ed63bb6\" data-id=\"ed63bb6\" data-element_type=\"column\" data-e-type=\"column\">\n\t\t\t<div class=\"elementor-widget-wrap\">\n\t\t\t\t\t\t\t<\/div>\n\t\t<\/div>\n\t\t\t\t\t<\/div>\n\t\t<\/section>\n\t\t\t\t<section class=\"elementor-section elementor-top-section elementor-element elementor-element-92a813e elementor-section-boxed elementor-section-height-default elementor-section-height-default\" data-id=\"92a813e\" data-element_type=\"section\" data-e-type=\"section\" data-settings=\"{&quot;jet_parallax_layout_list&quot;:[]}\">\n\t\t\t\t\t\t<div class=\"elementor-container elementor-column-gap-default\">\n\t\t\t\t\t<div class=\"elementor-column elementor-col-100 elementor-top-column elementor-element elementor-element-db1c531\" data-id=\"db1c531\" data-element_type=\"column\" data-e-type=\"column\">\n\t\t\t<div class=\"elementor-widget-wrap elementor-element-populated\">\n\t\t\t\t\t\t<section class=\"elementor-section elementor-inner-section elementor-element elementor-element-652307f elementor-section-boxed elementor-section-height-default elementor-section-height-default\" data-id=\"652307f\" data-element_type=\"section\" data-e-type=\"section\" data-settings=\"{&quot;jet_parallax_layout_list&quot;:[]}\">\n\t\t\t\t\t\t<div class=\"elementor-container elementor-column-gap-default\">\n\t\t\t\t\t<div class=\"elementor-column elementor-col-50 elementor-inner-column elementor-element elementor-element-35e6cc9\" data-id=\"35e6cc9\" data-element_type=\"column\" data-e-type=\"column\">\n\t\t\t<div class=\"elementor-widget-wrap elementor-element-populated\">\n\t\t\t\t\t\t<div class=\"elementor-element elementor-element-e10686c elementor-widget elementor-widget-image\" data-id=\"e10686c\" data-element_type=\"widget\" data-e-type=\"widget\" data-widget_type=\"image.default\">\n\t\t\t\t<div class=\"elementor-widget-container\">\n\t\t\t\t\t\t\t\t\t\t\t\t\t\t\t<img fetchpriority=\"high\" decoding=\"async\" width=\"800\" height=\"199\" src=\"https:\/\/radamesgnattali.com.br\/wp-content\/uploads\/2022\/02\/SLIDER_1_radames_flat-1024x255.jpg\" class=\"attachment-large size-large wp-image-29\" alt=\"\" srcset=\"https:\/\/radamesgnattali.com.br\/wp-content\/uploads\/2022\/02\/SLIDER_1_radames_flat-1024x255.jpg 1024w, https:\/\/radamesgnattali.com.br\/wp-content\/uploads\/2022\/02\/SLIDER_1_radames_flat-300x75.jpg 300w, https:\/\/radamesgnattali.com.br\/wp-content\/uploads\/2022\/02\/SLIDER_1_radames_flat-768x192.jpg 768w, https:\/\/radamesgnattali.com.br\/wp-content\/uploads\/2022\/02\/SLIDER_1_radames_flat-1536x383.jpg 1536w, https:\/\/radamesgnattali.com.br\/wp-content\/uploads\/2022\/02\/SLIDER_1_radames_flat.jpg 1800w\" sizes=\"(max-width: 800px) 100vw, 800px\" \/>\t\t\t\t\t\t\t\t\t\t\t\t\t\t\t<\/div>\n\t\t\t\t<\/div>\n\t\t\t\t\t<\/div>\n\t\t<\/div>\n\t\t\t\t<div class=\"elementor-column elementor-col-50 elementor-inner-column elementor-element elementor-element-bb3fc74\" data-id=\"bb3fc74\" data-element_type=\"column\" data-e-type=\"column\">\n\t\t\t<div class=\"elementor-widget-wrap elementor-element-populated\">\n\t\t\t\t\t\t<div class=\"elementor-element elementor-element-b0bf0ff elementor-widget elementor-widget-heading\" data-id=\"b0bf0ff\" data-element_type=\"widget\" data-e-type=\"widget\" data-widget_type=\"heading.default\">\n\t\t\t\t<div class=\"elementor-widget-container\">\n\t\t\t\t\t<h2 class=\"elementor-heading-title elementor-size-default\">Welcome to our website!<\/h2>\t\t\t\t<\/div>\n\t\t\t\t<\/div>\n\t\t\t\t\t<\/div>\n\t\t<\/div>\n\t\t\t\t\t<\/div>\n\t\t<\/section>\n\t\t\t\t<section class=\"elementor-section elementor-inner-section elementor-element elementor-element-e843d3a elementor-section-boxed elementor-section-height-default elementor-section-height-default\" data-id=\"e843d3a\" data-element_type=\"section\" data-e-type=\"section\" data-settings=\"{&quot;jet_parallax_layout_list&quot;:[]}\">\n\t\t\t\t\t\t<div class=\"elementor-container elementor-column-gap-default\">\n\t\t\t\t\t<div class=\"elementor-column elementor-col-50 elementor-inner-column elementor-element elementor-element-84f1c7c\" data-id=\"84f1c7c\" data-element_type=\"column\" data-e-type=\"column\">\n\t\t\t<div class=\"elementor-widget-wrap elementor-element-populated\">\n\t\t\t\t\t\t<div class=\"elementor-element elementor-element-3589dd8 elementor-widget elementor-widget-text-editor\" data-id=\"3589dd8\" data-element_type=\"widget\" data-e-type=\"widget\" data-widget_type=\"text-editor.default\">\n\t\t\t\t<div class=\"elementor-widget-container\">\n\t\t\t\t\t\t\t\t\t<p>You will find important information about his life and work, search for the catalogs \u2013 his Concert Music and, the recent presented: The First Catalog of compositions and arrangements of his Popular Music production.<br>Warning: All the catalogs or any other item presented here are not available to <em>download<\/em>, either manuscripts, published or electronically edited. At <strong><em>Collection &gt; sheet music<\/em><\/strong> you will find autographs of Radam\u00e9s&#8217; works, accompanied by a link that will give you access to the <em>Radam\u00e9s Gnattali Archive of digitized scores<\/em>, for consultation only<em>.<\/em><\/p><p>Ainda em <strong><em>Cat\u00e1logos<\/em><\/strong>, voc\u00ea dispor\u00e1 de uma discografia b\u00e1sica com dados dos discos mais importantes da carreira de Radam\u00e9s, gravados por ele e outros grandes int\u00e9rpretes da sua obra.<\/p><p><strong><em>Radam\u00e9s and his timeline<\/em><\/strong>as the title suggests is a step by step, year by year guide of his artistic career, imbricated to national and international artistic, cultural and political events that remained as important influence and have even imposed conditions to his trajectory in music as interpreter, composer, arranger, conductor or musical director. <\/p><p><strong><em>Speak out, Maestro!<\/em><\/strong> The section gives voice to the Maestro own thoughts and words, that enable us to visualize his life, from prodigious child and the promising piano concertist to the immense composer, arranger and pianist, interpreter of his own work. <\/p><p>Em <strong><em>Recortes<\/em><\/strong> voc\u00ea percorrer\u00e1 os principais lances da vida art\u00edstica de Radam\u00e9s por interm\u00e9dio de notas, mat\u00e9rias e cr\u00edticas publicadas em revistas e jornais de \u00e9poca, desde sua estreia no Rio de Janeiro, em 1924, at\u00e9 os dias atuais. <\/p><p>An album of <strong><em>photos<\/em><\/strong>with explanatory captions, as well as the <strong><em>programs and brochures<\/em><\/strong>section, both available at <strong><em>Collection<\/em><\/strong>tell more about Radam\u00e9s personal, professional and artistic life. You may find items that will lead you to images of <strong><em>manuscripts<\/em>,<\/strong> <strong><em>videos<\/em><\/strong> and <strong><em>audios<\/em><\/strong> containing extracts of his work either recorded by himself or by Radam\u00e9s\u2019 great interpreters; you will listen to his voice telling us the story of his arrival in Rio de Janeiro and his start at the radio during the twenties.<\/p><p>Yet in this section you will be able to consult a series of <strong><em>documents<\/em><\/strong>, with images of his texts, letters and personal objects,<strong><em>historical pieces<\/em><\/strong> found in a sort of memory storage box. <\/p><p>Browsing the site you may be oriented to consult the <strong><em>Glossary.<\/em><\/strong> It concerns a secondary item of the menu in the bottom bar of HOME page It will help you to understand the specific nomenclature used, mainly, in the <strong><em>Catalogs<\/em><\/strong>to characterize certain instrumental formations, such as <em>Camerata Carioca<\/em>, <em>Sexteto Radam\u00e9s Gnattali<\/em>, <em>Pequena orquestra<\/em>, etc.<\/p><p>Yet in this secondary item, we will find the way to <strong><em>Contact<\/em><\/strong>section<em>.<\/em> That is a space for visitors where you may get in touch with the organizers any time you need, for further information, to clear doubts or to request more details about Radam\u00e9s\u2019 work, commercial conditions of his scores and\/or for critics, corrections and other suggestions.<\/p>\t\t\t\t\t\t\t\t<\/div>\n\t\t\t\t<\/div>\n\t\t\t\t\t<\/div>\n\t\t<\/div>\n\t\t\t\t<div class=\"elementor-column elementor-col-50 elementor-inner-column elementor-element elementor-element-a1b6280\" data-id=\"a1b6280\" data-element_type=\"column\" data-e-type=\"column\">\n\t\t\t<div class=\"elementor-widget-wrap elementor-element-populated\">\n\t\t\t\t\t\t<div class=\"elementor-element elementor-element-56f97fa elementor-widget elementor-widget-text-editor\" data-id=\"56f97fa\" data-element_type=\"widget\" data-e-type=\"widget\" data-widget_type=\"text-editor.default\">\n\t\t\t\t<div class=\"elementor-widget-container\">\n\t\t\t\t\t\t\t\t\t<p style=\"text-align: center;\"><img decoding=\"async\" class=\"size-medium wp-image-8983 alignnone\" src=\"http:\/\/radamesgnattali.com.br\/wp-content\/uploads\/2019\/10\/Img7-6-224x300.jpg\" sizes=\"(max-width: 224px) 100vw, 224px\" srcset=\"https:\/\/radamesgnattali.com.br\/wp-content\/uploads\/2019\/10\/Img7-6-224x300.jpg 224w, https:\/\/radamesgnattali.com.br\/wp-content\/uploads\/2019\/10\/Img7-6-60x80.jpg 60w, https:\/\/radamesgnattali.com.br\/wp-content\/uploads\/2019\/10\/Img7-6-150x202.jpg 150w, https:\/\/radamesgnattali.com.br\/wp-content\/uploads\/2019\/10\/Img7-6-149x200.jpg 149w, https:\/\/radamesgnattali.com.br\/wp-content\/uploads\/2019\/10\/Img7-6-33x44.jpg 33w, https:\/\/radamesgnattali.com.br\/wp-content\/uploads\/2019\/10\/Img7-6-112x150.jpg 112w, https:\/\/radamesgnattali.com.br\/wp-content\/uploads\/2019\/10\/Img7-6.jpg 447w\" alt=\"Jan Zach. [Retrato de Radam\u00e9s]. 1946. \u00d3leo sobre tela, 47 x 70cm.\" width=\"224\" height=\"300\"><\/p><p style=\"text-align: center;\">Retrato de Radam\u00e9s<br>[Jan Zach, 1946] <\/p><p style=\"text-align: center;\"><img decoding=\"async\" class=\"size-medium wp-image-8941 aligncenter\" src=\"http:\/\/radamesgnattali.com.br\/wp-content\/uploads\/2019\/10\/Img46-300x188.jpg\" sizes=\"(max-width: 300px) 100vw, 300px\" srcset=\"https:\/\/radamesgnattali.com.br\/wp-content\/uploads\/2019\/10\/Img46-300x188.jpg 300w, https:\/\/radamesgnattali.com.br\/wp-content\/uploads\/2019\/10\/Img46-768x482.jpg 768w, https:\/\/radamesgnattali.com.br\/wp-content\/uploads\/2019\/10\/Img46-80x50.jpg 80w, https:\/\/radamesgnattali.com.br\/wp-content\/uploads\/2019\/10\/Img46-322x202.jpg 322w, https:\/\/radamesgnattali.com.br\/wp-content\/uploads\/2019\/10\/Img46-200x125.jpg 200w, https:\/\/radamesgnattali.com.br\/wp-content\/uploads\/2019\/10\/Img46-44x28.jpg 44w, https:\/\/radamesgnattali.com.br\/wp-content\/uploads\/2019\/10\/Img46-239x150.jpg 239w, https:\/\/radamesgnattali.com.br\/wp-content\/uploads\/2019\/10\/Img46.jpg 1000w\" alt=\"profissional_\" width=\"300\" height=\"188\"><\/p><p style=\"text-align: center;\">Radam\u00e9s Gnattali, 1983<\/p><p style=\"text-align: center;\"><img loading=\"lazy\" decoding=\"async\" class=\"size-medium wp-image-10403 aligncenter\" src=\"http:\/\/radamesgnattali.com.br\/wp-content\/uploads\/2020\/03\/105_0504-300x300.jpg\" sizes=\"(max-width: 300px) 100vw, 300px\" srcset=\"https:\/\/radamesgnattali.com.br\/wp-content\/uploads\/2020\/03\/105_0504-300x300.jpg 300w, https:\/\/radamesgnattali.com.br\/wp-content\/uploads\/2020\/03\/105_0504-150x150.jpg 150w, https:\/\/radamesgnattali.com.br\/wp-content\/uploads\/2020\/03\/105_0504-768x768.jpg 768w, https:\/\/radamesgnattali.com.br\/wp-content\/uploads\/2020\/03\/105_0504-250x250.jpg 250w, https:\/\/radamesgnattali.com.br\/wp-content\/uploads\/2020\/03\/105_0504-80x80.jpg 80w, https:\/\/radamesgnattali.com.br\/wp-content\/uploads\/2020\/03\/105_0504-202x202.jpg 202w, https:\/\/radamesgnattali.com.br\/wp-content\/uploads\/2020\/03\/105_0504-200x200.jpg 200w, https:\/\/radamesgnattali.com.br\/wp-content\/uploads\/2020\/03\/105_0504-44x44.jpg 44w, https:\/\/radamesgnattali.com.br\/wp-content\/uploads\/2020\/03\/105_0504.jpg 800w\" alt=\"elep\u00ea Orquestra Sinf\u00f4nica Nacional da R\u00e1dio MEC\" width=\"300\" height=\"300\"><\/p><p style=\"text-align: center;\">Orquestra Sinf\u00f4nica Nacional da R\u00e1dio MEC<br>Concerto Rom\u00e2ntico, para piano e orquestra.<br>Regente: Alceo Bocchino<br>Pianista: Radam\u00e9s Gnattali<\/p>\t\t\t\t\t\t\t\t<\/div>\n\t\t\t\t<\/div>\n\t\t\t\t\t<\/div>\n\t\t<\/div>\n\t\t\t\t\t<\/div>\n\t\t<\/section>\n\t\t\t\t\t<\/div>\n\t\t<\/div>\n\t\t\t\t\t<\/div>\n\t\t<\/section>\n\t\t\t\t<section class=\"elementor-section elementor-top-section elementor-element elementor-element-603d007 elementor-section-boxed elementor-section-height-default elementor-section-height-default\" data-id=\"603d007\" data-element_type=\"section\" data-e-type=\"section\" data-settings=\"{&quot;jet_parallax_layout_list&quot;:[]}\">\n\t\t\t\t\t\t<div class=\"elementor-container elementor-column-gap-default\">\n\t\t\t\t\t<div class=\"elementor-column elementor-col-100 elementor-top-column elementor-element elementor-element-9d4221c\" data-id=\"9d4221c\" data-element_type=\"column\" data-e-type=\"column\">\n\t\t\t<div class=\"elementor-widget-wrap elementor-element-populated\">\n\t\t\t\t\t\t<div class=\"elementor-element elementor-element-74ea266 elementor-widget elementor-widget-text-editor\" data-id=\"74ea266\" data-element_type=\"widget\" data-e-type=\"widget\" data-widget_type=\"text-editor.default\">\n\t\t\t\t<div class=\"elementor-widget-container\">\n\t\t\t\t\t\t\t\t\t<audio class=\"wp-audio-shortcode\" id=\"audio-8231-1\" preload=\"none\" style=\"width: 100%;\" controls=\"controls\"><source type=\"audio\/mpeg\" src=\"https:\/\/radamesgnattali.com.br\/wp-content\/uploads\/2022\/04\/Track-20-album-2.mp3?_=1\" \/><a href=\"https:\/\/radamesgnattali.com.br\/wp-content\/uploads\/2022\/04\/Track-20-album-2.mp3\">https:\/\/radamesgnattali.com.br\/wp-content\/uploads\/2022\/04\/Track-20-album-2.mp3<\/a><\/audio>\t\t\t\t\t\t\t\t<\/div>\n\t\t\t\t<\/div>\n\t\t\t\t\t<\/div>\n\t\t<\/div>\n\t\t\t\t\t<\/div>\n\t\t<\/section>\n\t\t\t\t<\/div>\n\t\t","protected":false},"excerpt":{"rendered":"<p>Welcome to our website! You will find important information about his life and work, search for the catalogs \u2013 his Concert Music and, the recent presented: The First Catalog of compositions and arrangements of his Popular Music production.Warning: All the catalogs or any other item presented here are not available to download, either manuscripts, published [&hellip;]<\/p>\n","protected":false},"author":1,"featured_media":0,"parent":0,"menu_order":0,"comment_status":"closed","ping_status":"closed","template":"elementor_header_footer","meta":{"footnotes":""},"class_list":["post-8231","page","type-page","status-publish","hentry"],"yoast_head":"<!-- This site is optimized with the Yoast SEO plugin v27.2 - https:\/\/yoast.com\/product\/yoast-seo-wordpress\/ -->\n<title>About the website - Radam\u00e9s Gnattali<\/title>\n<meta name=\"robots\" content=\"index, follow, max-snippet:-1, max-image-preview:large, max-video-preview:-1\" \/>\n<link rel=\"canonical\" href=\"https:\/\/radamesgnattali.com.br\/en\/about-the-website\/\" \/>\n<meta property=\"og:locale\" content=\"en_US\" \/>\n<meta property=\"og:type\" content=\"article\" \/>\n<meta property=\"og:title\" content=\"About the website - Radam\u00e9s Gnattali\" \/>\n<meta property=\"og:description\" content=\"Welcome to our website! You will find important information about his life and work, search for the catalogs \u2013 his Concert Music and, the recent presented: The First Catalog of compositions and arrangements of his Popular Music production.Warning: All the catalogs or any other item presented here are not available to download, either manuscripts, published [&hellip;]\" \/>\n<meta property=\"og:url\" content=\"https:\/\/radamesgnattali.com.br\/en\/about-the-website\/\" \/>\n<meta property=\"og:site_name\" content=\"Radam\u00e9s Gnattali\" \/>\n<meta property=\"article:modified_time\" content=\"2022-07-14T18:42:26+00:00\" \/>\n<meta property=\"og:image\" content=\"https:\/\/radamesgnattali.com.br\/wp-content\/uploads\/2022\/02\/SLIDER_1_radames_flat-1024x255.jpg\" \/>\n<meta name=\"twitter:card\" content=\"summary_large_image\" \/>\n<meta name=\"twitter:label1\" content=\"Est. reading time\" \/>\n\t<meta name=\"twitter:data1\" content=\"3 minutes\" \/>\n<script type=\"application\/ld+json\" class=\"yoast-schema-graph\">{\"@context\":\"https:\/\/schema.org\",\"@graph\":[{\"@type\":\"WebPage\",\"@id\":\"https:\/\/radamesgnattali.com.br\/en\/about-the-website\/\",\"url\":\"https:\/\/radamesgnattali.com.br\/en\/about-the-website\/\",\"name\":\"About the website - Radam\u00e9s Gnattali\",\"isPartOf\":{\"@id\":\"https:\/\/radamesgnattali.com.br\/#website\"},\"primaryImageOfPage\":{\"@id\":\"https:\/\/radamesgnattali.com.br\/en\/about-the-website\/#primaryimage\"},\"image\":{\"@id\":\"https:\/\/radamesgnattali.com.br\/en\/about-the-website\/#primaryimage\"},\"thumbnailUrl\":\"https:\/\/radamesgnattali.com.br\/wp-content\/uploads\/2022\/02\/SLIDER_1_radames_flat-1024x255.jpg\",\"datePublished\":\"2022-03-07T16:50:28+00:00\",\"dateModified\":\"2022-07-14T18:42:26+00:00\",\"breadcrumb\":{\"@id\":\"https:\/\/radamesgnattali.com.br\/en\/about-the-website\/#breadcrumb\"},\"inLanguage\":\"en-US\",\"potentialAction\":[{\"@type\":\"ReadAction\",\"target\":[\"https:\/\/radamesgnattali.com.br\/en\/about-the-website\/\"]}]},{\"@type\":\"ImageObject\",\"inLanguage\":\"en-US\",\"@id\":\"https:\/\/radamesgnattali.com.br\/en\/about-the-website\/#primaryimage\",\"url\":\"https:\/\/radamesgnattali.com.br\/wp-content\/uploads\/2022\/02\/SLIDER_1_radames_flat-1024x255.jpg\",\"contentUrl\":\"https:\/\/radamesgnattali.com.br\/wp-content\/uploads\/2022\/02\/SLIDER_1_radames_flat-1024x255.jpg\"},{\"@type\":\"BreadcrumbList\",\"@id\":\"https:\/\/radamesgnattali.com.br\/en\/about-the-website\/#breadcrumb\",\"itemListElement\":[{\"@type\":\"ListItem\",\"position\":1,\"name\":\"In\u00edcio\",\"item\":\"https:\/\/radamesgnattali.com.br\/en\/\"},{\"@type\":\"ListItem\",\"position\":2,\"name\":\"About the website\"}]},{\"@type\":\"WebSite\",\"@id\":\"https:\/\/radamesgnattali.com.br\/#website\",\"url\":\"https:\/\/radamesgnattali.com.br\/\",\"name\":\"Radam\u00e9s Gnattali\",\"description\":\"\",\"potentialAction\":[{\"@type\":\"SearchAction\",\"target\":{\"@type\":\"EntryPoint\",\"urlTemplate\":\"https:\/\/radamesgnattali.com.br\/?s={search_term_string}\"},\"query-input\":{\"@type\":\"PropertyValueSpecification\",\"valueRequired\":true,\"valueName\":\"search_term_string\"}}],\"inLanguage\":\"en-US\"}]}<\/script>\n<!-- \/ Yoast SEO plugin. -->","yoast_head_json":{"title":"About the website - Radam\u00e9s Gnattali","robots":{"index":"index","follow":"follow","max-snippet":"max-snippet:-1","max-image-preview":"max-image-preview:large","max-video-preview":"max-video-preview:-1"},"canonical":"https:\/\/radamesgnattali.com.br\/en\/about-the-website\/","og_locale":"en_US","og_type":"article","og_title":"About the website - Radam\u00e9s Gnattali","og_description":"Welcome to our website! You will find important information about his life and work, search for the catalogs \u2013 his Concert Music and, the recent presented: The First Catalog of compositions and arrangements of his Popular Music production.Warning: All the catalogs or any other item presented here are not available to download, either manuscripts, published [&hellip;]","og_url":"https:\/\/radamesgnattali.com.br\/en\/about-the-website\/","og_site_name":"Radam\u00e9s Gnattali","article_modified_time":"2022-07-14T18:42:26+00:00","og_image":[{"url":"https:\/\/radamesgnattali.com.br\/wp-content\/uploads\/2022\/02\/SLIDER_1_radames_flat-1024x255.jpg","type":"","width":"","height":""}],"twitter_card":"summary_large_image","twitter_misc":{"Est. reading time":"3 minutes"},"schema":{"@context":"https:\/\/schema.org","@graph":[{"@type":"WebPage","@id":"https:\/\/radamesgnattali.com.br\/en\/about-the-website\/","url":"https:\/\/radamesgnattali.com.br\/en\/about-the-website\/","name":"About the website - Radam\u00e9s Gnattali","isPartOf":{"@id":"https:\/\/radamesgnattali.com.br\/#website"},"primaryImageOfPage":{"@id":"https:\/\/radamesgnattali.com.br\/en\/about-the-website\/#primaryimage"},"image":{"@id":"https:\/\/radamesgnattali.com.br\/en\/about-the-website\/#primaryimage"},"thumbnailUrl":"https:\/\/radamesgnattali.com.br\/wp-content\/uploads\/2022\/02\/SLIDER_1_radames_flat-1024x255.jpg","datePublished":"2022-03-07T16:50:28+00:00","dateModified":"2022-07-14T18:42:26+00:00","breadcrumb":{"@id":"https:\/\/radamesgnattali.com.br\/en\/about-the-website\/#breadcrumb"},"inLanguage":"en-US","potentialAction":[{"@type":"ReadAction","target":["https:\/\/radamesgnattali.com.br\/en\/about-the-website\/"]}]},{"@type":"ImageObject","inLanguage":"en-US","@id":"https:\/\/radamesgnattali.com.br\/en\/about-the-website\/#primaryimage","url":"https:\/\/radamesgnattali.com.br\/wp-content\/uploads\/2022\/02\/SLIDER_1_radames_flat-1024x255.jpg","contentUrl":"https:\/\/radamesgnattali.com.br\/wp-content\/uploads\/2022\/02\/SLIDER_1_radames_flat-1024x255.jpg"},{"@type":"BreadcrumbList","@id":"https:\/\/radamesgnattali.com.br\/en\/about-the-website\/#breadcrumb","itemListElement":[{"@type":"ListItem","position":1,"name":"In\u00edcio","item":"https:\/\/radamesgnattali.com.br\/en\/"},{"@type":"ListItem","position":2,"name":"About the website"}]},{"@type":"WebSite","@id":"https:\/\/radamesgnattali.com.br\/#website","url":"https:\/\/radamesgnattali.com.br\/","name":"Radam\u00e9s Gnattali","description":"","potentialAction":[{"@type":"SearchAction","target":{"@type":"EntryPoint","urlTemplate":"https:\/\/radamesgnattali.com.br\/?s={search_term_string}"},"query-input":{"@type":"PropertyValueSpecification","valueRequired":true,"valueName":"search_term_string"}}],"inLanguage":"en-US"}]}},"_links":{"self":[{"href":"https:\/\/radamesgnattali.com.br\/en\/wp-json\/wp\/v2\/pages\/8231","targetHints":{"allow":["GET"]}}],"collection":[{"href":"https:\/\/radamesgnattali.com.br\/en\/wp-json\/wp\/v2\/pages"}],"about":[{"href":"https:\/\/radamesgnattali.com.br\/en\/wp-json\/wp\/v2\/types\/page"}],"author":[{"embeddable":true,"href":"https:\/\/radamesgnattali.com.br\/en\/wp-json\/wp\/v2\/users\/1"}],"replies":[{"embeddable":true,"href":"https:\/\/radamesgnattali.com.br\/en\/wp-json\/wp\/v2\/comments?post=8231"}],"version-history":[{"count":1,"href":"https:\/\/radamesgnattali.com.br\/en\/wp-json\/wp\/v2\/pages\/8231\/revisions"}],"predecessor-version":[{"id":8232,"href":"https:\/\/radamesgnattali.com.br\/en\/wp-json\/wp\/v2\/pages\/8231\/revisions\/8232"}],"wp:attachment":[{"href":"https:\/\/radamesgnattali.com.br\/en\/wp-json\/wp\/v2\/media?parent=8231"}],"curies":[{"name":"wp","href":"https:\/\/api.w.org\/{rel}","templated":true}]}}