{"id":8227,"date":"2022-02-09T18:29:17","date_gmt":"2022-02-09T18:29:17","guid":{"rendered":"https:\/\/radamesgnattali.com.br\/a-word-about-radames\/"},"modified":"2022-11-08T13:24:37","modified_gmt":"2022-11-08T13:24:37","slug":"a-word-about-radames","status":"publish","type":"page","link":"https:\/\/radamesgnattali.com.br\/en\/a-word-about-radames\/","title":{"rendered":"About Radam\u00e9s"},"content":{"rendered":"\t\t<div data-elementor-type=\"wp-page\" data-elementor-id=\"8227\" class=\"elementor elementor-8227\" data-elementor-post-type=\"page\">\n\t\t\t\t\t\t<section class=\"elementor-section elementor-top-section elementor-element elementor-element-fd26208 elementor-section-full_width elementor-section-height-default elementor-section-height-default\" data-id=\"fd26208\" data-element_type=\"section\" data-e-type=\"section\" data-settings=\"{&quot;jet_parallax_layout_list&quot;:[]}\">\n\t\t\t\t\t\t<div class=\"elementor-container elementor-column-gap-default\">\n\t\t\t\t\t<div class=\"elementor-column elementor-col-33 elementor-top-column elementor-element elementor-element-3b3812a elementor-hidden-mobile\" data-id=\"3b3812a\" data-element_type=\"column\" data-e-type=\"column\">\n\t\t\t<div class=\"elementor-widget-wrap\">\n\t\t\t\t\t\t\t<\/div>\n\t\t<\/div>\n\t\t\t\t<div class=\"elementor-column elementor-col-33 elementor-top-column elementor-element elementor-element-29d515d\" data-id=\"29d515d\" data-element_type=\"column\" data-e-type=\"column\" data-settings=\"{&quot;background_background&quot;:&quot;classic&quot;}\">\n\t\t\t<div class=\"elementor-widget-wrap elementor-element-populated\">\n\t\t\t\t\t\t<div class=\"elementor-element elementor-element-81fd3b2 elementor-widget elementor-widget-heading\" data-id=\"81fd3b2\" data-element_type=\"widget\" data-e-type=\"widget\" data-widget_type=\"heading.default\">\n\t\t\t\t<div class=\"elementor-widget-container\">\n\t\t\t\t\t<h2 class=\"elementor-heading-title elementor-size-default\">Radam\u00e9s | About Radam\u00e9s<\/h2>\t\t\t\t<\/div>\n\t\t\t\t<\/div>\n\t\t\t\t\t<\/div>\n\t\t<\/div>\n\t\t\t\t<div class=\"elementor-column elementor-col-33 elementor-top-column elementor-element elementor-element-28699f0\" data-id=\"28699f0\" data-element_type=\"column\" data-e-type=\"column\">\n\t\t\t<div class=\"elementor-widget-wrap\">\n\t\t\t\t\t\t\t<\/div>\n\t\t<\/div>\n\t\t\t\t\t<\/div>\n\t\t<\/section>\n\t\t\t\t<section class=\"elementor-section elementor-top-section elementor-element elementor-element-635eacb elementor-section-boxed elementor-section-height-default elementor-section-height-default\" data-id=\"635eacb\" data-element_type=\"section\" data-e-type=\"section\" data-settings=\"{&quot;jet_parallax_layout_list&quot;:[]}\">\n\t\t\t\t\t\t<div class=\"elementor-container elementor-column-gap-default\">\n\t\t\t\t\t<div class=\"elementor-column elementor-col-50 elementor-top-column elementor-element elementor-element-6f0acfd\" data-id=\"6f0acfd\" data-element_type=\"column\" data-e-type=\"column\">\n\t\t\t<div class=\"elementor-widget-wrap elementor-element-populated\">\n\t\t\t\t\t\t<div class=\"elementor-element elementor-element-4488718 elementor-widget elementor-widget-text-editor\" data-id=\"4488718\" data-element_type=\"widget\" data-e-type=\"widget\" data-widget_type=\"text-editor.default\">\n\t\t\t\t<div class=\"elementor-widget-container\">\n\t\t\t\t\t\t\t\t\t<p>\u201cI enjoyed writing music, copying orchestration scores. I used to copy all his work. If he would take a little longer to come out with news one, I would ask him: \u201cthat\u2019s it, nothing else? \u201c He was ashamed because I refused to be paid. So, eventually he would send me a cute little present.<\/p><p>He\u2019s got a natural virtuosity. I don\u2019t remember him making any mistake. It was pure natural technique. He did not study hard. He was so lazy! He used to say he\u2019d chosen music as a career because it was the easiest one for him. So he would definitely not study the whole morning if he could have something done in half an hour.<\/p><p>The first time I went to the National Radio we performed one of his arrangements for two pianos. It was called Dialogando. He enjoyed very much, so he started composing for two <em>pianos<\/em> and therefore we have played a lot together.<\/p><p>I started to play with him only after my mother&#8217;s death, in [Sexteto Radam\u00e9s Gnattali] <\/p>\t\t\t\t\t\t\t\t<\/div>\n\t\t\t\t<\/div>\n\t\t\t\t\t<\/div>\n\t\t<\/div>\n\t\t\t\t<div class=\"elementor-column elementor-col-50 elementor-top-column elementor-element elementor-element-2e384b4\" data-id=\"2e384b4\" data-element_type=\"column\" data-e-type=\"column\">\n\t\t\t<div class=\"elementor-widget-wrap elementor-element-populated\">\n\t\t\t\t\t\t<div class=\"elementor-element elementor-element-a8e58cd elementor-widget elementor-widget-image\" data-id=\"a8e58cd\" data-element_type=\"widget\" data-e-type=\"widget\" data-widget_type=\"image.default\">\n\t\t\t\t<div class=\"elementor-widget-container\">\n\t\t\t\t\t\t\t\t\t\t\t\t\t\t\t<img fetchpriority=\"high\" decoding=\"async\" width=\"800\" height=\"571\" src=\"https:\/\/radamesgnattali.com.br\/wp-content\/uploads\/2022\/02\/Img16.jpg\" class=\"attachment-large size-large wp-image-6934\" alt=\"\" srcset=\"https:\/\/radamesgnattali.com.br\/wp-content\/uploads\/2022\/02\/Img16.jpg 1000w, https:\/\/radamesgnattali.com.br\/wp-content\/uploads\/2022\/02\/Img16-300x214.jpg 300w, https:\/\/radamesgnattali.com.br\/wp-content\/uploads\/2022\/02\/Img16-768x548.jpg 768w\" sizes=\"(max-width: 800px) 100vw, 800px\" \/>\t\t\t\t\t\t\t\t\t\t\t\t\t\t\t<\/div>\n\t\t\t\t<\/div>\n\t\t\t\t\t<\/div>\n\t\t<\/div>\n\t\t\t\t\t<\/div>\n\t\t<\/section>\n\t\t\t\t<section class=\"elementor-section elementor-top-section elementor-element elementor-element-d903286 elementor-section-boxed elementor-section-height-default elementor-section-height-default\" data-id=\"d903286\" data-element_type=\"section\" data-e-type=\"section\" data-settings=\"{&quot;jet_parallax_layout_list&quot;:[]}\">\n\t\t\t\t\t\t<div class=\"elementor-container elementor-column-gap-default\">\n\t\t\t\t\t<div class=\"elementor-column elementor-col-50 elementor-top-column elementor-element elementor-element-4c0fc18\" data-id=\"4c0fc18\" data-element_type=\"column\" data-e-type=\"column\">\n\t\t\t<div class=\"elementor-widget-wrap elementor-element-populated\">\n\t\t\t\t\t\t<div class=\"elementor-element elementor-element-0f029fe elementor-widget elementor-widget-image\" data-id=\"0f029fe\" data-element_type=\"widget\" data-e-type=\"widget\" data-widget_type=\"image.default\">\n\t\t\t\t<div class=\"elementor-widget-container\">\n\t\t\t\t\t\t\t\t\t\t\t\t\t\t\t<img decoding=\"async\" width=\"800\" height=\"890\" src=\"https:\/\/radamesgnattali.com.br\/wp-content\/uploads\/2022\/02\/Img27.jpg\" class=\"attachment-large size-large wp-image-6935\" alt=\"\" srcset=\"https:\/\/radamesgnattali.com.br\/wp-content\/uploads\/2022\/02\/Img27.jpg 800w, https:\/\/radamesgnattali.com.br\/wp-content\/uploads\/2022\/02\/Img27-270x300.jpg 270w, https:\/\/radamesgnattali.com.br\/wp-content\/uploads\/2022\/02\/Img27-768x854.jpg 768w\" sizes=\"(max-width: 800px) 100vw, 800px\" \/>\t\t\t\t\t\t\t\t\t\t\t\t\t\t\t<\/div>\n\t\t\t\t<\/div>\n\t\t\t\t\t<\/div>\n\t\t<\/div>\n\t\t\t\t<div class=\"elementor-column elementor-col-50 elementor-top-column elementor-element elementor-element-35758e0\" data-id=\"35758e0\" data-element_type=\"column\" data-e-type=\"column\">\n\t\t\t<div class=\"elementor-widget-wrap elementor-element-populated\">\n\t\t\t\t\t\t<div class=\"elementor-element elementor-element-b3eccf2 elementor-widget elementor-widget-text-editor\" data-id=\"b3eccf2\" data-element_type=\"widget\" data-e-type=\"widget\" data-widget_type=\"text-editor.default\">\n\t\t\t\t<div class=\"elementor-widget-container\">\n\t\t\t\t\t\t\t\t\t<p>We started as a duet and then he formed the Sextet and I joined the group as the second pianist. The Sextet has toured in Europe in 1960. We\u2019ve been in Portugal, France, England, Germany and Italy. We were enthusiastically welcome, especially in Portugal. Greeted and spoiled. Edu da Gaita had gone with us and he performed the Concerto para Harm\u00f4nica e Orquestra (<em>Concert for harmonica and orchestra<\/em>) that Radam\u00e9s dedicated to him. It was a great success. Then we had other concerts, where Radam\u00e9s and I played the <em>Quatro movimentos dan\u00e7antes<\/em> para dois pianos (Four dancing movements for two pianos), also known as <em>Su\u00edte coreogr\u00e1fica<\/em> (Choreographic suite). That is a hard but very good one. It has a few measures that I could never do as Radam\u00e9s did. He would show me what he wanted me to do, [A\u00edda solfeja] I would do it exactly the same, vigorously, but it did not sound the same. I guess his hands were special. I tried my best, but it was never the same!<\/p><p>We had a long stay in Portugal, about twenty days. Then, it was Paris. We went to London. I enjoyed it better than Paris. Then, we went to Italy. I was overwhelmed to step on the old Italy, my father\u2019s land. We did great in Italy. We have made a great concert at the RAI (Italian television) and then we came back to Brazil. They couldn\u2019t believe it![os europeus] The Sextet playing an arrangement of <em>Aquarela do Brasil<\/em> just sounded as a complete orchestra, being only the six of us! The Italian maestro was amazingly surprised.<\/p><p>After we came back to Rio, it did not last much longer. I retired. I guess it has lasted for around ten years on the whole. [A\u00edda has left the Sextet in 1965].<br>[A\u00edda deixou o Sexteto em 1965].<\/p>\t\t\t\t\t\t\t\t<\/div>\n\t\t\t\t<\/div>\n\t\t\t\t\t<\/div>\n\t\t<\/div>\n\t\t\t\t\t<\/div>\n\t\t<\/section>\n\t\t\t\t<section class=\"elementor-section elementor-top-section elementor-element elementor-element-20cf07a elementor-section-boxed elementor-section-height-default elementor-section-height-default\" data-id=\"20cf07a\" data-element_type=\"section\" data-e-type=\"section\" data-settings=\"{&quot;jet_parallax_layout_list&quot;:[]}\">\n\t\t\t\t\t\t<div class=\"elementor-container elementor-column-gap-default\">\n\t\t\t\t\t<div class=\"elementor-column elementor-col-100 elementor-top-column elementor-element elementor-element-5794e84\" data-id=\"5794e84\" data-element_type=\"column\" data-e-type=\"column\">\n\t\t\t<div class=\"elementor-widget-wrap elementor-element-populated\">\n\t\t\t\t\t\t<div class=\"elementor-element elementor-element-0392a9c elementor-widget elementor-widget-text-editor\" data-id=\"0392a9c\" data-element_type=\"widget\" data-e-type=\"widget\" data-widget_type=\"text-editor.default\">\n\t\t\t\t<div class=\"elementor-widget-container\">\n\t\t\t\t\t\t\t\t\t<p><em>(Extracts of interview granted by A\u00edda Gnattali , Radam\u00e9s\u2019 sister, pianist and piano professor, when she was\u00a0 92 years old, registration and transcription\u00a0 by Maria Clara Wasserman, in her apartment,\u00a0 Humait\u00e1, February, 2003)<\/em><\/p>\t\t\t\t\t\t\t\t<\/div>\n\t\t\t\t<\/div>\n\t\t\t\t\t<\/div>\n\t\t<\/div>\n\t\t\t\t\t<\/div>\n\t\t<\/section>\n\t\t\t\t<\/div>\n\t\t","protected":false},"excerpt":{"rendered":"<p>Radam\u00e9s | About Radam\u00e9s \u201cI enjoyed writing music, copying orchestration scores. I used to copy all his work. If he would take a little longer to come out with news one, I would ask him: \u201cthat\u2019s it, nothing else? \u201c He was ashamed because I refused to be paid. So, eventually he would send me [&hellip;]<\/p>\n","protected":false},"author":1,"featured_media":0,"parent":0,"menu_order":0,"comment_status":"closed","ping_status":"closed","template":"elementor_header_footer","meta":{"footnotes":""},"class_list":["post-8227","page","type-page","status-publish","hentry"],"yoast_head":"<!-- This site is optimized with the Yoast SEO plugin v27.2 - https:\/\/yoast.com\/product\/yoast-seo-wordpress\/ -->\n<title>About Radam\u00e9s - Radam\u00e9s Gnattali<\/title>\n<meta name=\"robots\" content=\"index, follow, max-snippet:-1, max-image-preview:large, max-video-preview:-1\" \/>\n<link rel=\"canonical\" href=\"https:\/\/radamesgnattali.com.br\/en\/a-word-about-radames\/\" \/>\n<meta property=\"og:locale\" content=\"en_US\" \/>\n<meta property=\"og:type\" content=\"article\" \/>\n<meta property=\"og:title\" content=\"About Radam\u00e9s - Radam\u00e9s Gnattali\" \/>\n<meta property=\"og:description\" content=\"Radam\u00e9s | About Radam\u00e9s \u201cI enjoyed writing music, copying orchestration scores. I used to copy all his work. If he would take a little longer to come out with news one, I would ask him: \u201cthat\u2019s it, nothing else? \u201c He was ashamed because I refused to be paid. So, eventually he would send me [&hellip;]\" \/>\n<meta property=\"og:url\" content=\"https:\/\/radamesgnattali.com.br\/en\/a-word-about-radames\/\" \/>\n<meta property=\"og:site_name\" content=\"Radam\u00e9s Gnattali\" \/>\n<meta property=\"article:modified_time\" content=\"2022-11-08T13:24:37+00:00\" \/>\n<meta property=\"og:image\" content=\"https:\/\/radamesgnattali.com.br\/wp-content\/uploads\/2022\/02\/Img16.jpg\" \/>\n<meta name=\"twitter:card\" content=\"summary_large_image\" \/>\n<meta name=\"twitter:label1\" content=\"Est. reading time\" \/>\n\t<meta name=\"twitter:data1\" content=\"3 minutes\" \/>\n<script type=\"application\/ld+json\" class=\"yoast-schema-graph\">{\"@context\":\"https:\/\/schema.org\",\"@graph\":[{\"@type\":\"WebPage\",\"@id\":\"https:\/\/radamesgnattali.com.br\/en\/a-word-about-radames\/\",\"url\":\"https:\/\/radamesgnattali.com.br\/en\/a-word-about-radames\/\",\"name\":\"About Radam\u00e9s - Radam\u00e9s Gnattali\",\"isPartOf\":{\"@id\":\"https:\/\/radamesgnattali.com.br\/#website\"},\"primaryImageOfPage\":{\"@id\":\"https:\/\/radamesgnattali.com.br\/en\/a-word-about-radames\/#primaryimage\"},\"image\":{\"@id\":\"https:\/\/radamesgnattali.com.br\/en\/a-word-about-radames\/#primaryimage\"},\"thumbnailUrl\":\"https:\/\/radamesgnattali.com.br\/wp-content\/uploads\/2022\/02\/Img16.jpg\",\"datePublished\":\"2022-02-09T18:29:17+00:00\",\"dateModified\":\"2022-11-08T13:24:37+00:00\",\"breadcrumb\":{\"@id\":\"https:\/\/radamesgnattali.com.br\/en\/a-word-about-radames\/#breadcrumb\"},\"inLanguage\":\"en-US\",\"potentialAction\":[{\"@type\":\"ReadAction\",\"target\":[\"https:\/\/radamesgnattali.com.br\/en\/a-word-about-radames\/\"]}]},{\"@type\":\"ImageObject\",\"inLanguage\":\"en-US\",\"@id\":\"https:\/\/radamesgnattali.com.br\/en\/a-word-about-radames\/#primaryimage\",\"url\":\"https:\/\/radamesgnattali.com.br\/wp-content\/uploads\/2022\/02\/Img16.jpg\",\"contentUrl\":\"https:\/\/radamesgnattali.com.br\/wp-content\/uploads\/2022\/02\/Img16.jpg\"},{\"@type\":\"BreadcrumbList\",\"@id\":\"https:\/\/radamesgnattali.com.br\/en\/a-word-about-radames\/#breadcrumb\",\"itemListElement\":[{\"@type\":\"ListItem\",\"position\":1,\"name\":\"In\u00edcio\",\"item\":\"https:\/\/radamesgnattali.com.br\/en\/\"},{\"@type\":\"ListItem\",\"position\":2,\"name\":\"About Radam\u00e9s\"}]},{\"@type\":\"WebSite\",\"@id\":\"https:\/\/radamesgnattali.com.br\/#website\",\"url\":\"https:\/\/radamesgnattali.com.br\/\",\"name\":\"Radam\u00e9s Gnattali\",\"description\":\"\",\"potentialAction\":[{\"@type\":\"SearchAction\",\"target\":{\"@type\":\"EntryPoint\",\"urlTemplate\":\"https:\/\/radamesgnattali.com.br\/?s={search_term_string}\"},\"query-input\":{\"@type\":\"PropertyValueSpecification\",\"valueRequired\":true,\"valueName\":\"search_term_string\"}}],\"inLanguage\":\"en-US\"}]}<\/script>\n<!-- \/ Yoast SEO plugin. -->","yoast_head_json":{"title":"About Radam\u00e9s - Radam\u00e9s Gnattali","robots":{"index":"index","follow":"follow","max-snippet":"max-snippet:-1","max-image-preview":"max-image-preview:large","max-video-preview":"max-video-preview:-1"},"canonical":"https:\/\/radamesgnattali.com.br\/en\/a-word-about-radames\/","og_locale":"en_US","og_type":"article","og_title":"About Radam\u00e9s - Radam\u00e9s Gnattali","og_description":"Radam\u00e9s | About Radam\u00e9s \u201cI enjoyed writing music, copying orchestration scores. I used to copy all his work. If he would take a little longer to come out with news one, I would ask him: \u201cthat\u2019s it, nothing else? \u201c He was ashamed because I refused to be paid. So, eventually he would send me [&hellip;]","og_url":"https:\/\/radamesgnattali.com.br\/en\/a-word-about-radames\/","og_site_name":"Radam\u00e9s Gnattali","article_modified_time":"2022-11-08T13:24:37+00:00","og_image":[{"url":"https:\/\/radamesgnattali.com.br\/wp-content\/uploads\/2022\/02\/Img16.jpg","type":"","width":"","height":""}],"twitter_card":"summary_large_image","twitter_misc":{"Est. reading time":"3 minutes"},"schema":{"@context":"https:\/\/schema.org","@graph":[{"@type":"WebPage","@id":"https:\/\/radamesgnattali.com.br\/en\/a-word-about-radames\/","url":"https:\/\/radamesgnattali.com.br\/en\/a-word-about-radames\/","name":"About Radam\u00e9s - Radam\u00e9s Gnattali","isPartOf":{"@id":"https:\/\/radamesgnattali.com.br\/#website"},"primaryImageOfPage":{"@id":"https:\/\/radamesgnattali.com.br\/en\/a-word-about-radames\/#primaryimage"},"image":{"@id":"https:\/\/radamesgnattali.com.br\/en\/a-word-about-radames\/#primaryimage"},"thumbnailUrl":"https:\/\/radamesgnattali.com.br\/wp-content\/uploads\/2022\/02\/Img16.jpg","datePublished":"2022-02-09T18:29:17+00:00","dateModified":"2022-11-08T13:24:37+00:00","breadcrumb":{"@id":"https:\/\/radamesgnattali.com.br\/en\/a-word-about-radames\/#breadcrumb"},"inLanguage":"en-US","potentialAction":[{"@type":"ReadAction","target":["https:\/\/radamesgnattali.com.br\/en\/a-word-about-radames\/"]}]},{"@type":"ImageObject","inLanguage":"en-US","@id":"https:\/\/radamesgnattali.com.br\/en\/a-word-about-radames\/#primaryimage","url":"https:\/\/radamesgnattali.com.br\/wp-content\/uploads\/2022\/02\/Img16.jpg","contentUrl":"https:\/\/radamesgnattali.com.br\/wp-content\/uploads\/2022\/02\/Img16.jpg"},{"@type":"BreadcrumbList","@id":"https:\/\/radamesgnattali.com.br\/en\/a-word-about-radames\/#breadcrumb","itemListElement":[{"@type":"ListItem","position":1,"name":"In\u00edcio","item":"https:\/\/radamesgnattali.com.br\/en\/"},{"@type":"ListItem","position":2,"name":"About Radam\u00e9s"}]},{"@type":"WebSite","@id":"https:\/\/radamesgnattali.com.br\/#website","url":"https:\/\/radamesgnattali.com.br\/","name":"Radam\u00e9s Gnattali","description":"","potentialAction":[{"@type":"SearchAction","target":{"@type":"EntryPoint","urlTemplate":"https:\/\/radamesgnattali.com.br\/?s={search_term_string}"},"query-input":{"@type":"PropertyValueSpecification","valueRequired":true,"valueName":"search_term_string"}}],"inLanguage":"en-US"}]}},"_links":{"self":[{"href":"https:\/\/radamesgnattali.com.br\/en\/wp-json\/wp\/v2\/pages\/8227","targetHints":{"allow":["GET"]}}],"collection":[{"href":"https:\/\/radamesgnattali.com.br\/en\/wp-json\/wp\/v2\/pages"}],"about":[{"href":"https:\/\/radamesgnattali.com.br\/en\/wp-json\/wp\/v2\/types\/page"}],"author":[{"embeddable":true,"href":"https:\/\/radamesgnattali.com.br\/en\/wp-json\/wp\/v2\/users\/1"}],"replies":[{"embeddable":true,"href":"https:\/\/radamesgnattali.com.br\/en\/wp-json\/wp\/v2\/comments?post=8227"}],"version-history":[{"count":16,"href":"https:\/\/radamesgnattali.com.br\/en\/wp-json\/wp\/v2\/pages\/8227\/revisions"}],"predecessor-version":[{"id":11227,"href":"https:\/\/radamesgnattali.com.br\/en\/wp-json\/wp\/v2\/pages\/8227\/revisions\/11227"}],"wp:attachment":[{"href":"https:\/\/radamesgnattali.com.br\/en\/wp-json\/wp\/v2\/media?parent=8227"}],"curies":[{"name":"wp","href":"https:\/\/api.w.org\/{rel}","templated":true}]}}