{"id":8223,"date":"2022-03-25T18:22:20","date_gmt":"2022-03-25T18:22:20","guid":{"rendered":"https:\/\/radamesgnattali.com.br\/glossary\/"},"modified":"2022-07-14T17:25:20","modified_gmt":"2022-07-14T17:25:20","slug":"glossary","status":"publish","type":"page","link":"https:\/\/radamesgnattali.com.br\/en\/glossary\/","title":{"rendered":"Glossary"},"content":{"rendered":"\t\t<div data-elementor-type=\"wp-page\" data-elementor-id=\"8223\" class=\"elementor elementor-8223\" data-elementor-post-type=\"page\">\n\t\t\t\t\t\t<section class=\"elementor-section elementor-top-section elementor-element elementor-element-3a3a3fa elementor-section-full_width elementor-section-height-default elementor-section-height-default\" data-id=\"3a3a3fa\" data-element_type=\"section\" data-e-type=\"section\" data-settings=\"{&quot;jet_parallax_layout_list&quot;:[]}\">\n\t\t\t\t\t\t<div class=\"elementor-container elementor-column-gap-default\">\n\t\t\t\t\t<div class=\"elementor-column elementor-col-33 elementor-top-column elementor-element elementor-element-2f8c202 elementor-hidden-mobile\" data-id=\"2f8c202\" data-element_type=\"column\" data-e-type=\"column\">\n\t\t\t<div class=\"elementor-widget-wrap\">\n\t\t\t\t\t\t\t<\/div>\n\t\t<\/div>\n\t\t\t\t<div class=\"elementor-column elementor-col-33 elementor-top-column elementor-element elementor-element-76bfe4c\" data-id=\"76bfe4c\" data-element_type=\"column\" data-e-type=\"column\" data-settings=\"{&quot;background_background&quot;:&quot;classic&quot;}\">\n\t\t\t<div class=\"elementor-widget-wrap elementor-element-populated\">\n\t\t\t\t\t\t<div class=\"elementor-element elementor-element-0c1e58a elementor-widget elementor-widget-heading\" data-id=\"0c1e58a\" data-element_type=\"widget\" data-e-type=\"widget\" data-widget_type=\"heading.default\">\n\t\t\t\t<div class=\"elementor-widget-container\">\n\t\t\t\t\t<h2 class=\"elementor-heading-title elementor-size-default\">Glossary<\/h2>\t\t\t\t<\/div>\n\t\t\t\t<\/div>\n\t\t\t\t\t<\/div>\n\t\t<\/div>\n\t\t\t\t<div class=\"elementor-column elementor-col-33 elementor-top-column elementor-element elementor-element-304e849\" data-id=\"304e849\" data-element_type=\"column\" data-e-type=\"column\">\n\t\t\t<div class=\"elementor-widget-wrap\">\n\t\t\t\t\t\t\t<\/div>\n\t\t<\/div>\n\t\t\t\t\t<\/div>\n\t\t<\/section>\n\t\t\t\t<section class=\"elementor-section elementor-top-section elementor-element elementor-element-b34a611 elementor-section-boxed elementor-section-height-default elementor-section-height-default\" data-id=\"b34a611\" data-element_type=\"section\" data-e-type=\"section\" data-settings=\"{&quot;jet_parallax_layout_list&quot;:[]}\">\n\t\t\t\t\t\t<div class=\"elementor-container elementor-column-gap-default\">\n\t\t\t\t\t<div class=\"elementor-column elementor-col-100 elementor-top-column elementor-element elementor-element-30bf23f\" data-id=\"30bf23f\" data-element_type=\"column\" data-e-type=\"column\">\n\t\t\t<div class=\"elementor-widget-wrap elementor-element-populated\">\n\t\t\t\t\t\t<div class=\"elementor-element elementor-element-ce8f28e elementor-widget elementor-widget-text-editor\" data-id=\"ce8f28e\" data-element_type=\"widget\" data-e-type=\"widget\" data-widget_type=\"text-editor.default\">\n\t\t\t\t<div class=\"elementor-widget-container\">\n\t\t\t\t\t\t\t\t\t<p><strong>CAMERATA CARIOCA<\/strong><\/p><p>Brazilian choro ensemble, formed by soloist mandolin, cavaquinho, 2 guitars, 7 strings guitar, percussion, eventually enriched by piano and, in its last formation flute or saxophone.<br>In the catalogs hereby we have adopted <em>Camerata Carioca<\/em> as an instrumental sextet for the significant number of works and arrangements that Radam\u00e9s has dedicated to his group. <\/p><p>The Camerata Carioca emerged in Rio de Janeiro, 1979, formed by very young group of musicians coming from the well-known choro ensemble <em>Carioquinhas<\/em>, whose main star was the mandolinist Joel Nascimento. The poet and writer Herm\u00ednio Bello de Carvalho, who baptized their artistic name, was their great mentor, as well as Radam\u00e9s Gnattali, as a composer, pianist, arranger and maestro, was their musical mentor.<\/p><p>Besides Radam\u00e9s (piano and arrangements) and Joel Nascimento (solo mandolim), Luciana Rabello (then Henrique Cazes), cavaquinho; Mauricio Carrilho and Jo\u00e3o Pedro Borges (then Joaquim Santos), guitars; Raphael Rabello (then Luiz Ot\u00e1vio Braga), 7 strings guitar; Celso Silva (then Beto Cazes), percussion. The flutist and saxophonist Edgar Gon\u00e7alves, nick-name Dazinho, has joined the group for several times in collaboration.<br>__________<\/p><p><strong>STRING ORCHESTRA [ORQUESTRA DE CORDAS]<\/strong><\/p><p>Although the ensemble may be considered a traditional chamber orchestra we have adopted in the catalogs hereby their specification as a String Orchestra (<em>Orquestra de cordas<\/em>), based on the numerous pieces that Radam\u00e9s dedicated to this group, which will also facilitate the search in instrumental <em>formation session.<\/em><br>__________<\/p><p><strong>CHAMBER ORCHESTRA; SMALL ORCHESTRA; WIND ORCHESTRA<\/strong><\/p><p>Names used by Radam\u00e9s to designate an orchestra smaller than a symphony, with the omission of one or more sections.<\/p><p><strong>STRING QUARTET<\/strong><\/p><p>Classic formation: 2 violins, viola and cello<br>__________<\/p><p><strong>WIND QUINTET<\/strong><\/p><p>Classic formation: flute, oboe, clarinet, bassoon and horn.<br>__________<\/p><p><strong>RADAM\u00c9S GNATTALI SEXTET (RADAM\u00c9S GNATTALI QUINTET)<\/strong><\/p><p>Instrumental ensemble formed by 2 pianos, electric guitar, accordion, cello, and drums. The group also performed as a Quintet, with 1 piano only.<\/p><p>We have adopted in the catalogs hereby the specification <em>Radam\u00e9s Sextet<\/em> and <em>Radam\u00e9s Quintet<\/em> due to the numerous pieces of work and arrangements he has composed to these groups, which will also facilitate the search in instrumental <em>formation session.<\/em><\/p><p>Led by our maestro, <em>Radam\u00e9s Gnattali Sextet<\/em> was founded in 1955 at the National Radio of Rio de Janeiro, with Radam\u00e9s and his sister A\u00edda at the pianos, Jos\u00e9 Menezes, guitar player, Chiquinho do Acordeom (Romeu Seibel), accordion, Pedro Vidal Ramos, contrabass and Luciano Perrone, drums.<\/p><p>According to A\u00edda, the pianistic duo <em>Radam\u00e9s e Aida Gnattali<\/em> was born in 1954, (before the <em>sextet<\/em>), among the radioactivities, starting with <em>Dialongando<\/em>, a choro by Radam\u00e9s, arranged for two pianos. Based on the wonderful acceptation of the public, the critics and the radio producers They felt confident to create the sextet, by joining the piano duo to the instrumental quartet he has been working at Continental Records and with the National Radio Orchestra. <\/p><p>In 1960, the Sextet was invited to perform in Europe, with the project Caravanas de <em>M\u00fasica Brasileira<\/em> na Europa (Brazilian Music in Europe: Caravan Project) supported by the government, performing in Portugal, France, Italy and England, always considered as a great accomplishment. Besides the <em>Sextet<\/em>, Edu da Gaita (harmonic) Luiz Bandeira (composer) joined the group, plus the play writer Joracy Camargo, as their master of ceremonies.<\/p><p>When his sister A\u00edda decided to leave in 1965, the group has continued performing as a quintet. Around the middle of the seventies, the pianist La\u00e9rcio de Freitas has joined the group, which has temporarily turned back into their sextet formation. In those times, Pedro Vidal Ramos (contrabass) had to leave for health conditions and he has been replaced by Zeca Assump\u00e7\u00e3o. In 1985, after 30 years of fruitful activity The Radam\u00e9s <em>Gnattali<\/em><em>Quintet<\/em> has performed for the last time at Sala Funarte Sidney Miller, in Rio de Janeiro and at Sala Funarte in Bras\u00edlia.<br>__________<\/p><p><strong>GUITAR TRIO<\/strong><\/p><p><em>Sonata, for 2 guitars<\/em> (and optional 3rd guitar) is classified at the item Duo and Trio.<br>__________<\/p>\t\t\t\t\t\t\t\t<\/div>\n\t\t\t\t<\/div>\n\t\t\t\t\t<\/div>\n\t\t<\/div>\n\t\t\t\t\t<\/div>\n\t\t<\/section>\n\t\t\t\t<\/div>\n\t\t","protected":false},"excerpt":{"rendered":"<p>CAMERATA CARIOCA Brazilian choro ensemble, formed by soloist mandolin, cavaquinho, 2 guitars, 7 strings guitar, percussion, eventually enriched by piano and, in its last formation flute or saxophone.In the catalogs hereby we have adopted Camerata Carioca as an instrumental sextet for the significant number of works and arrangements that Radam\u00e9s has dedicated to his group. [&hellip;]<\/p>\n","protected":false},"author":1,"featured_media":0,"parent":0,"menu_order":0,"comment_status":"closed","ping_status":"closed","template":"elementor_header_footer","meta":{"footnotes":""},"class_list":["post-8223","page","type-page","status-publish","hentry"],"yoast_head":"<!-- This site is optimized with the Yoast SEO plugin v27.2 - https:\/\/yoast.com\/product\/yoast-seo-wordpress\/ -->\n<title>Glossary - Radam\u00e9s Gnattali<\/title>\n<meta name=\"robots\" content=\"index, follow, max-snippet:-1, max-image-preview:large, max-video-preview:-1\" \/>\n<link rel=\"canonical\" href=\"https:\/\/radamesgnattali.com.br\/en\/glossary\/\" \/>\n<meta property=\"og:locale\" content=\"en_US\" \/>\n<meta property=\"og:type\" content=\"article\" \/>\n<meta property=\"og:title\" content=\"Glossary - Radam\u00e9s Gnattali\" \/>\n<meta property=\"og:description\" content=\"CAMERATA CARIOCA Brazilian choro ensemble, formed by soloist mandolin, cavaquinho, 2 guitars, 7 strings guitar, percussion, eventually enriched by piano and, in its last formation flute or saxophone.In the catalogs hereby we have adopted Camerata Carioca as an instrumental sextet for the significant number of works and arrangements that Radam\u00e9s has dedicated to his group. [&hellip;]\" \/>\n<meta property=\"og:url\" content=\"https:\/\/radamesgnattali.com.br\/en\/glossary\/\" \/>\n<meta property=\"og:site_name\" content=\"Radam\u00e9s Gnattali\" \/>\n<meta property=\"article:modified_time\" content=\"2022-07-14T17:25:20+00:00\" \/>\n<meta name=\"twitter:card\" content=\"summary_large_image\" \/>\n<meta name=\"twitter:label1\" content=\"Est. reading time\" \/>\n\t<meta name=\"twitter:data1\" content=\"3 minutes\" \/>\n<script type=\"application\/ld+json\" class=\"yoast-schema-graph\">{\"@context\":\"https:\/\/schema.org\",\"@graph\":[{\"@type\":\"WebPage\",\"@id\":\"https:\/\/radamesgnattali.com.br\/en\/glossary\/\",\"url\":\"https:\/\/radamesgnattali.com.br\/en\/glossary\/\",\"name\":\"Glossary - Radam\u00e9s Gnattali\",\"isPartOf\":{\"@id\":\"https:\/\/radamesgnattali.com.br\/#website\"},\"datePublished\":\"2022-03-25T18:22:20+00:00\",\"dateModified\":\"2022-07-14T17:25:20+00:00\",\"breadcrumb\":{\"@id\":\"https:\/\/radamesgnattali.com.br\/en\/glossary\/#breadcrumb\"},\"inLanguage\":\"en-US\",\"potentialAction\":[{\"@type\":\"ReadAction\",\"target\":[\"https:\/\/radamesgnattali.com.br\/en\/glossary\/\"]}]},{\"@type\":\"BreadcrumbList\",\"@id\":\"https:\/\/radamesgnattali.com.br\/en\/glossary\/#breadcrumb\",\"itemListElement\":[{\"@type\":\"ListItem\",\"position\":1,\"name\":\"In\u00edcio\",\"item\":\"https:\/\/radamesgnattali.com.br\/en\/\"},{\"@type\":\"ListItem\",\"position\":2,\"name\":\"Glossary\"}]},{\"@type\":\"WebSite\",\"@id\":\"https:\/\/radamesgnattali.com.br\/#website\",\"url\":\"https:\/\/radamesgnattali.com.br\/\",\"name\":\"Radam\u00e9s Gnattali\",\"description\":\"\",\"potentialAction\":[{\"@type\":\"SearchAction\",\"target\":{\"@type\":\"EntryPoint\",\"urlTemplate\":\"https:\/\/radamesgnattali.com.br\/?s={search_term_string}\"},\"query-input\":{\"@type\":\"PropertyValueSpecification\",\"valueRequired\":true,\"valueName\":\"search_term_string\"}}],\"inLanguage\":\"en-US\"}]}<\/script>\n<!-- \/ Yoast SEO plugin. -->","yoast_head_json":{"title":"Glossary - Radam\u00e9s Gnattali","robots":{"index":"index","follow":"follow","max-snippet":"max-snippet:-1","max-image-preview":"max-image-preview:large","max-video-preview":"max-video-preview:-1"},"canonical":"https:\/\/radamesgnattali.com.br\/en\/glossary\/","og_locale":"en_US","og_type":"article","og_title":"Glossary - Radam\u00e9s Gnattali","og_description":"CAMERATA CARIOCA Brazilian choro ensemble, formed by soloist mandolin, cavaquinho, 2 guitars, 7 strings guitar, percussion, eventually enriched by piano and, in its last formation flute or saxophone.In the catalogs hereby we have adopted Camerata Carioca as an instrumental sextet for the significant number of works and arrangements that Radam\u00e9s has dedicated to his group. [&hellip;]","og_url":"https:\/\/radamesgnattali.com.br\/en\/glossary\/","og_site_name":"Radam\u00e9s Gnattali","article_modified_time":"2022-07-14T17:25:20+00:00","twitter_card":"summary_large_image","twitter_misc":{"Est. reading time":"3 minutes"},"schema":{"@context":"https:\/\/schema.org","@graph":[{"@type":"WebPage","@id":"https:\/\/radamesgnattali.com.br\/en\/glossary\/","url":"https:\/\/radamesgnattali.com.br\/en\/glossary\/","name":"Glossary - Radam\u00e9s Gnattali","isPartOf":{"@id":"https:\/\/radamesgnattali.com.br\/#website"},"datePublished":"2022-03-25T18:22:20+00:00","dateModified":"2022-07-14T17:25:20+00:00","breadcrumb":{"@id":"https:\/\/radamesgnattali.com.br\/en\/glossary\/#breadcrumb"},"inLanguage":"en-US","potentialAction":[{"@type":"ReadAction","target":["https:\/\/radamesgnattali.com.br\/en\/glossary\/"]}]},{"@type":"BreadcrumbList","@id":"https:\/\/radamesgnattali.com.br\/en\/glossary\/#breadcrumb","itemListElement":[{"@type":"ListItem","position":1,"name":"In\u00edcio","item":"https:\/\/radamesgnattali.com.br\/en\/"},{"@type":"ListItem","position":2,"name":"Glossary"}]},{"@type":"WebSite","@id":"https:\/\/radamesgnattali.com.br\/#website","url":"https:\/\/radamesgnattali.com.br\/","name":"Radam\u00e9s Gnattali","description":"","potentialAction":[{"@type":"SearchAction","target":{"@type":"EntryPoint","urlTemplate":"https:\/\/radamesgnattali.com.br\/?s={search_term_string}"},"query-input":{"@type":"PropertyValueSpecification","valueRequired":true,"valueName":"search_term_string"}}],"inLanguage":"en-US"}]}},"_links":{"self":[{"href":"https:\/\/radamesgnattali.com.br\/en\/wp-json\/wp\/v2\/pages\/8223","targetHints":{"allow":["GET"]}}],"collection":[{"href":"https:\/\/radamesgnattali.com.br\/en\/wp-json\/wp\/v2\/pages"}],"about":[{"href":"https:\/\/radamesgnattali.com.br\/en\/wp-json\/wp\/v2\/types\/page"}],"author":[{"embeddable":true,"href":"https:\/\/radamesgnattali.com.br\/en\/wp-json\/wp\/v2\/users\/1"}],"replies":[{"embeddable":true,"href":"https:\/\/radamesgnattali.com.br\/en\/wp-json\/wp\/v2\/comments?post=8223"}],"version-history":[{"count":3,"href":"https:\/\/radamesgnattali.com.br\/en\/wp-json\/wp\/v2\/pages\/8223\/revisions"}],"predecessor-version":[{"id":8226,"href":"https:\/\/radamesgnattali.com.br\/en\/wp-json\/wp\/v2\/pages\/8223\/revisions\/8226"}],"wp:attachment":[{"href":"https:\/\/radamesgnattali.com.br\/en\/wp-json\/wp\/v2\/media?parent=8223"}],"curies":[{"name":"wp","href":"https:\/\/api.w.org\/{rel}","templated":true}]}}